{"id":284,"date":"2025-02-10T05:33:07","date_gmt":"2025-02-10T05:33:07","guid":{"rendered":"https:\/\/sillerobregon.art\/?product=allegro-numero-9-tecnica-oleo-carton-medidas-20-x-25-cms-ano-2024"},"modified":"2025-11-17T20:16:31","modified_gmt":"2025-11-18T02:16:31","slug":"allegro-numero-9-tecnica-oleo-carton-medidas-20-x-25-cms-ano-2024","status":"publish","type":"product","link":"https:\/\/sillerobregon.art\/fr\/product\/allegro-numero-9-tecnica-oleo-carton-medidas-20-x-25-cms-ano-2024\/","title":{"rendered":"\u00ab Allegro Num\u00e9ro 9 \u00bb. Technique : Huile \/ Carton. Dimensions : 20 x 25 cm. Ann\u00e9e : 2024."},"content":{"rendered":"<p>D\u00e9couvrez \u00ab Allegro Number 9 \u00bb, une peinture abstraite vibrante de 20 x 25 cm cr\u00e9\u00e9e en 2024. Ajoutez de la joie \u00e0 votre maison avec cette \u0153uvre d&#039;art unique.<\/p>","protected":false},"excerpt":{"rendered":"<p>D\u00e9couvrez \u00ab Allegro Number 9 \u00bb, une peinture abstraite vibrante de 20 x 25 cm cr\u00e9\u00e9e en 2024. Ajoutez de la joie \u00e0 votre maison avec cette \u0153uvre d&#039;art unique.<\/p>","protected":false},"featured_media":625,"comment_status":"closed","ping_status":"open","template":"","meta":[],"product_brand":[],"product_cat":[24,23],"product_tag":[],"class_list":{"0":"post-284","1":"product","2":"type-product","3":"status-publish","4":"has-post-thumbnail","6":"product_cat-arte-abstracto","7":"product_cat-arte-oleo","9":"first","10":"instock","11":"purchasable","12":"product-type-simple"},"_links":{"self":[{"href":"https:\/\/sillerobregon.art\/fr\/wp-json\/wp\/v2\/product\/284","targetHints":{"allow":["GET"]}}],"collection":[{"href":"https:\/\/sillerobregon.art\/fr\/wp-json\/wp\/v2\/product"}],"about":[{"href":"https:\/\/sillerobregon.art\/fr\/wp-json\/wp\/v2\/types\/product"}],"replies":[{"embeddable":true,"href":"https:\/\/sillerobregon.art\/fr\/wp-json\/wp\/v2\/comments?post=284"}],"wp:featuredmedia":[{"embeddable":true,"href":"https:\/\/sillerobregon.art\/fr\/wp-json\/wp\/v2\/media\/625"}],"wp:attachment":[{"href":"https:\/\/sillerobregon.art\/fr\/wp-json\/wp\/v2\/media?parent=284"}],"wp:term":[{"taxonomy":"product_brand","embeddable":true,"href":"https:\/\/sillerobregon.art\/fr\/wp-json\/wp\/v2\/product_brand?post=284"},{"taxonomy":"product_cat","embeddable":true,"href":"https:\/\/sillerobregon.art\/fr\/wp-json\/wp\/v2\/product_cat?post=284"},{"taxonomy":"product_tag","embeddable":true,"href":"https:\/\/sillerobregon.art\/fr\/wp-json\/wp\/v2\/product_tag?post=284"}],"curies":[{"name":"wp","href":"https:\/\/api.w.org\/{rel}","templated":true}]}}