{"id":288,"date":"2025-02-10T05:33:07","date_gmt":"2025-02-10T05:33:07","guid":{"rendered":"https:\/\/sillerobregon.art\/?product=allegro-numero-3-oleo-carton-20x25-cm-2024"},"modified":"2025-11-17T20:16:31","modified_gmt":"2025-11-18T02:16:31","slug":"allegro-numero-3-oleo-carton-20x25-cm-2024","status":"publish","type":"product","link":"https:\/\/sillerobregon.art\/fr\/product\/allegro-numero-3-oleo-carton-20x25-cm-2024\/","title":{"rendered":"\u00abAllegro Numero 3\u00bb Huile\/Carton 20\u00d725 cm. 2024"},"content":{"rendered":"<p>Transformez votre espace avec \u00ab\u00a0Allegro N\u00famero 3\u00a0\u00bb, une \u0153uvre vibrante de Mauricio Siller Obreg\u00f3n. Achetez cette \u0153uvre unique et color\u00e9e d\u00e8s aujourd&#039;hui\u00a0!<\/p>","protected":false},"excerpt":{"rendered":"<p>Transformez votre espace avec \u00ab\u00a0Allegro N\u00famero 3\u00a0\u00bb, une \u0153uvre vibrante de Mauricio Siller Obreg\u00f3n. Achetez cette \u0153uvre unique et color\u00e9e d\u00e8s aujourd&#039;hui\u00a0!<\/p>","protected":false},"featured_media":629,"comment_status":"closed","ping_status":"open","template":"","meta":[],"product_brand":[],"product_cat":[24,23],"product_tag":[],"class_list":{"0":"post-288","1":"product","2":"type-product","3":"status-publish","4":"has-post-thumbnail","6":"product_cat-arte-abstracto","7":"product_cat-arte-oleo","9":"first","10":"instock","11":"purchasable","12":"product-type-simple"},"_links":{"self":[{"href":"https:\/\/sillerobregon.art\/fr\/wp-json\/wp\/v2\/product\/288","targetHints":{"allow":["GET"]}}],"collection":[{"href":"https:\/\/sillerobregon.art\/fr\/wp-json\/wp\/v2\/product"}],"about":[{"href":"https:\/\/sillerobregon.art\/fr\/wp-json\/wp\/v2\/types\/product"}],"replies":[{"embeddable":true,"href":"https:\/\/sillerobregon.art\/fr\/wp-json\/wp\/v2\/comments?post=288"}],"wp:featuredmedia":[{"embeddable":true,"href":"https:\/\/sillerobregon.art\/fr\/wp-json\/wp\/v2\/media\/629"}],"wp:attachment":[{"href":"https:\/\/sillerobregon.art\/fr\/wp-json\/wp\/v2\/media?parent=288"}],"wp:term":[{"taxonomy":"product_brand","embeddable":true,"href":"https:\/\/sillerobregon.art\/fr\/wp-json\/wp\/v2\/product_brand?post=288"},{"taxonomy":"product_cat","embeddable":true,"href":"https:\/\/sillerobregon.art\/fr\/wp-json\/wp\/v2\/product_cat?post=288"},{"taxonomy":"product_tag","embeddable":true,"href":"https:\/\/sillerobregon.art\/fr\/wp-json\/wp\/v2\/product_tag?post=288"}],"curies":[{"name":"wp","href":"https:\/\/api.w.org\/{rel}","templated":true}]}}