{"id":292,"date":"2025-02-10T05:33:07","date_gmt":"2025-02-10T05:33:07","guid":{"rendered":"https:\/\/sillerobregon.art\/?product=flor-de-un-dia-acuarela-24x34-cm-2014"},"modified":"2025-11-17T22:08:25","modified_gmt":"2025-11-18T04:08:25","slug":"flor-de-un-dia-acuarela-24x34-cm-2014","status":"publish","type":"product","link":"https:\/\/sillerobregon.art\/fr\/product\/flor-de-un-dia-acuarela-24x34-cm-2014\/","title":{"rendered":"\u00abFleur d\u2019un jour\u00bb Aquarelle 24\u00d734 cm. 2014"},"content":{"rendered":"<p>D\u00e9couvrez \u00ab\u00a0Flor De Un Dia\u00a0\u00bb, une aquarelle vibrante de 24\u00a0x\u00a034\u00a0cm de 2014. Apportez une touche d&#039;\u00e9l\u00e9gance \u00e0 votre int\u00e9rieur avec cette \u0153uvre unique de l&#039;artiste Mauricio Siller. Achetez-la\u00a0!<\/p>","protected":false},"excerpt":{"rendered":"<p>D\u00e9couvrez \u00ab\u00a0Flor De Un Dia\u00a0\u00bb, une aquarelle vibrante de 24\u00a0x\u00a034\u00a0cm de 2014. Apportez une touche d&#039;\u00e9l\u00e9gance \u00e0 votre int\u00e9rieur avec cette \u0153uvre unique de l&#039;artiste Mauricio Siller. Achetez-la\u00a0!<\/p>","protected":false},"featured_media":608,"comment_status":"closed","ping_status":"closed","template":"","meta":[],"product_brand":[],"product_cat":[27,24],"product_tag":[],"class_list":{"0":"post-292","1":"product","2":"type-product","3":"status-publish","4":"has-post-thumbnail","6":"product_cat-acuarela","7":"product_cat-arte-abstracto","9":"first","10":"instock","11":"purchasable","12":"product-type-simple"},"_links":{"self":[{"href":"https:\/\/sillerobregon.art\/fr\/wp-json\/wp\/v2\/product\/292","targetHints":{"allow":["GET"]}}],"collection":[{"href":"https:\/\/sillerobregon.art\/fr\/wp-json\/wp\/v2\/product"}],"about":[{"href":"https:\/\/sillerobregon.art\/fr\/wp-json\/wp\/v2\/types\/product"}],"replies":[{"embeddable":true,"href":"https:\/\/sillerobregon.art\/fr\/wp-json\/wp\/v2\/comments?post=292"}],"wp:featuredmedia":[{"embeddable":true,"href":"https:\/\/sillerobregon.art\/fr\/wp-json\/wp\/v2\/media\/608"}],"wp:attachment":[{"href":"https:\/\/sillerobregon.art\/fr\/wp-json\/wp\/v2\/media?parent=292"}],"wp:term":[{"taxonomy":"product_brand","embeddable":true,"href":"https:\/\/sillerobregon.art\/fr\/wp-json\/wp\/v2\/product_brand?post=292"},{"taxonomy":"product_cat","embeddable":true,"href":"https:\/\/sillerobregon.art\/fr\/wp-json\/wp\/v2\/product_cat?post=292"},{"taxonomy":"product_tag","embeddable":true,"href":"https:\/\/sillerobregon.art\/fr\/wp-json\/wp\/v2\/product_tag?post=292"}],"curies":[{"name":"wp","href":"https:\/\/api.w.org\/{rel}","templated":true}]}}