{"id":293,"date":"2025-02-10T05:33:07","date_gmt":"2025-02-10T05:33:07","guid":{"rendered":"https:\/\/sillerobregon.art\/?product=turisteando-acuarela-24x34-cm-2014"},"modified":"2025-11-17T22:08:47","modified_gmt":"2025-11-18T04:08:47","slug":"turisteando-acuarela-24x34-cm-2014","status":"publish","type":"product","link":"https:\/\/sillerobregon.art\/fr\/product\/turisteando-acuarela-24x34-cm-2014\/","title":{"rendered":"\u00abTouristeando\u00bb Aquarelle 24\u00d734 cm. 2014"},"content":{"rendered":"<p>D\u00e9couvrez \u00ab\u00a0Turisteando\u00a0\u00bb, une aquarelle 24\u00a0x\u00a034\u00a0cm de 2014. Une \u0153uvre unique qui capture la beaut\u00e9 du Mexique. Procurez-vous votre \u0153uvre authentique d\u00e8s aujourd&#039;hui\u00a0!<\/p>","protected":false},"excerpt":{"rendered":"<p>D\u00e9couvrez \u00ab\u00a0Turisteando\u00a0\u00bb, une aquarelle 24\u00a0x\u00a034\u00a0cm de 2014. Une \u0153uvre unique qui capture la beaut\u00e9 du Mexique. Procurez-vous votre \u0153uvre authentique d\u00e8s aujourd&#039;hui\u00a0!<\/p>","protected":false},"featured_media":609,"comment_status":"closed","ping_status":"closed","template":"","meta":[],"product_brand":[],"product_cat":[24],"product_tag":[],"class_list":{"0":"post-293","1":"product","2":"type-product","3":"status-publish","4":"has-post-thumbnail","6":"product_cat-arte-abstracto","8":"first","9":"instock","10":"purchasable","11":"product-type-simple"},"_links":{"self":[{"href":"https:\/\/sillerobregon.art\/fr\/wp-json\/wp\/v2\/product\/293","targetHints":{"allow":["GET"]}}],"collection":[{"href":"https:\/\/sillerobregon.art\/fr\/wp-json\/wp\/v2\/product"}],"about":[{"href":"https:\/\/sillerobregon.art\/fr\/wp-json\/wp\/v2\/types\/product"}],"replies":[{"embeddable":true,"href":"https:\/\/sillerobregon.art\/fr\/wp-json\/wp\/v2\/comments?post=293"}],"wp:featuredmedia":[{"embeddable":true,"href":"https:\/\/sillerobregon.art\/fr\/wp-json\/wp\/v2\/media\/609"}],"wp:attachment":[{"href":"https:\/\/sillerobregon.art\/fr\/wp-json\/wp\/v2\/media?parent=293"}],"wp:term":[{"taxonomy":"product_brand","embeddable":true,"href":"https:\/\/sillerobregon.art\/fr\/wp-json\/wp\/v2\/product_brand?post=293"},{"taxonomy":"product_cat","embeddable":true,"href":"https:\/\/sillerobregon.art\/fr\/wp-json\/wp\/v2\/product_cat?post=293"},{"taxonomy":"product_tag","embeddable":true,"href":"https:\/\/sillerobregon.art\/fr\/wp-json\/wp\/v2\/product_tag?post=293"}],"curies":[{"name":"wp","href":"https:\/\/api.w.org\/{rel}","templated":true}]}}