{"id":298,"date":"2025-02-10T05:33:07","date_gmt":"2025-02-10T05:33:07","guid":{"rendered":"https:\/\/sillerobregon.art\/?product=nebulosa-oleo-carton-29x50-cm-2020"},"modified":"2025-11-17T22:11:41","modified_gmt":"2025-11-18T04:11:41","slug":"nebulosa-oleo-carton-29x50-cm-2020","status":"publish","type":"product","link":"https:\/\/sillerobregon.art\/fr\/product\/nebulosa-oleo-carton-29x50-cm-2020\/","title":{"rendered":"\u00ab\u00a0N\u00e9buleuse\u00a0\u00bb Huile\/Carton 29\u00d750 cm. 2020"},"content":{"rendered":"<p>D\u00e9couvrez \u00ab\u00a0N\u00e9buleuse\u00a0\u00bb, une peinture \u00e0 l&#039;huile captivante de 29\u00a0x\u00a050\u00a0cm. Ajoutez cette pi\u00e8ce exclusive \u00e0 votre collection et transformez votre int\u00e9rieur en un v\u00e9ritable sanctuaire artistique.<\/p>","protected":false},"excerpt":{"rendered":"<p>D\u00e9couvrez \u00ab\u00a0N\u00e9buleuse\u00a0\u00bb, une peinture \u00e0 l&#039;huile captivante de 29\u00a0x\u00a050\u00a0cm. Ajoutez cette pi\u00e8ce exclusive \u00e0 votre collection et transformez votre int\u00e9rieur en un v\u00e9ritable sanctuaire artistique.<\/p>","protected":false},"featured_media":614,"comment_status":"closed","ping_status":"closed","template":"","meta":[],"product_brand":[],"product_cat":[24,23],"product_tag":[],"class_list":{"0":"post-298","1":"product","2":"type-product","3":"status-publish","4":"has-post-thumbnail","6":"product_cat-arte-abstracto","7":"product_cat-arte-oleo","9":"first","10":"instock","11":"purchasable","12":"product-type-simple"},"_links":{"self":[{"href":"https:\/\/sillerobregon.art\/fr\/wp-json\/wp\/v2\/product\/298","targetHints":{"allow":["GET"]}}],"collection":[{"href":"https:\/\/sillerobregon.art\/fr\/wp-json\/wp\/v2\/product"}],"about":[{"href":"https:\/\/sillerobregon.art\/fr\/wp-json\/wp\/v2\/types\/product"}],"replies":[{"embeddable":true,"href":"https:\/\/sillerobregon.art\/fr\/wp-json\/wp\/v2\/comments?post=298"}],"wp:featuredmedia":[{"embeddable":true,"href":"https:\/\/sillerobregon.art\/fr\/wp-json\/wp\/v2\/media\/614"}],"wp:attachment":[{"href":"https:\/\/sillerobregon.art\/fr\/wp-json\/wp\/v2\/media?parent=298"}],"wp:term":[{"taxonomy":"product_brand","embeddable":true,"href":"https:\/\/sillerobregon.art\/fr\/wp-json\/wp\/v2\/product_brand?post=298"},{"taxonomy":"product_cat","embeddable":true,"href":"https:\/\/sillerobregon.art\/fr\/wp-json\/wp\/v2\/product_cat?post=298"},{"taxonomy":"product_tag","embeddable":true,"href":"https:\/\/sillerobregon.art\/fr\/wp-json\/wp\/v2\/product_tag?post=298"}],"curies":[{"name":"wp","href":"https:\/\/api.w.org\/{rel}","templated":true}]}}