{"id":303,"date":"2025-02-10T05:33:17","date_gmt":"2025-02-10T05:33:17","guid":{"rendered":"https:\/\/sillerobregon.art\/?product=orion-oleo-tela-50x30-cm-2022"},"modified":"2025-11-17T22:00:32","modified_gmt":"2025-11-18T04:00:32","slug":"orion-oleo-tela-50x30-cm-2022","status":"publish","type":"product","link":"https:\/\/sillerobregon.art\/fr\/product\/orion-oleo-tela-50x30-cm-2022\/","title":{"rendered":"\u00ab\u00a0Orion\u00a0\u00bb Huile\/Toile 50x30 cm. 2022"},"content":{"rendered":"<p>D\u00e9couvrez \u00ab\u00a0Orion\u00a0\u00bb, une \u0153uvre abstraite de 50\u00a0x\u00a030\u00a0cm. Repartez avec cette \u0153uvre d&#039;art contemporain unique accompagn\u00e9e d&#039;un certificat d&#039;authenticit\u00e9. Achetez-la d\u00e8s maintenant\u00a0!<\/p>","protected":false},"excerpt":{"rendered":"<p>D\u00e9couvrez \u00ab\u00a0Orion\u00a0\u00bb, une \u0153uvre abstraite de 50\u00a0x\u00a030\u00a0cm. Repartez avec cette \u0153uvre d&#039;art contemporain unique accompagn\u00e9e d&#039;un certificat d&#039;authenticit\u00e9. Achetez-la d\u00e8s maintenant\u00a0!<\/p>","protected":false},"featured_media":619,"comment_status":"closed","ping_status":"closed","template":"","meta":[],"product_brand":[],"product_cat":[24,23],"product_tag":[],"class_list":{"0":"post-303","1":"product","2":"type-product","3":"status-publish","4":"has-post-thumbnail","6":"product_cat-arte-abstracto","7":"product_cat-arte-oleo","9":"first","10":"instock","11":"purchasable","12":"product-type-simple"},"_links":{"self":[{"href":"https:\/\/sillerobregon.art\/fr\/wp-json\/wp\/v2\/product\/303","targetHints":{"allow":["GET"]}}],"collection":[{"href":"https:\/\/sillerobregon.art\/fr\/wp-json\/wp\/v2\/product"}],"about":[{"href":"https:\/\/sillerobregon.art\/fr\/wp-json\/wp\/v2\/types\/product"}],"replies":[{"embeddable":true,"href":"https:\/\/sillerobregon.art\/fr\/wp-json\/wp\/v2\/comments?post=303"}],"wp:featuredmedia":[{"embeddable":true,"href":"https:\/\/sillerobregon.art\/fr\/wp-json\/wp\/v2\/media\/619"}],"wp:attachment":[{"href":"https:\/\/sillerobregon.art\/fr\/wp-json\/wp\/v2\/media?parent=303"}],"wp:term":[{"taxonomy":"product_brand","embeddable":true,"href":"https:\/\/sillerobregon.art\/fr\/wp-json\/wp\/v2\/product_brand?post=303"},{"taxonomy":"product_cat","embeddable":true,"href":"https:\/\/sillerobregon.art\/fr\/wp-json\/wp\/v2\/product_cat?post=303"},{"taxonomy":"product_tag","embeddable":true,"href":"https:\/\/sillerobregon.art\/fr\/wp-json\/wp\/v2\/product_tag?post=303"}],"curies":[{"name":"wp","href":"https:\/\/api.w.org\/{rel}","templated":true}]}}