{"id":305,"date":"2025-02-10T05:33:17","date_gmt":"2025-02-10T05:33:17","guid":{"rendered":"https:\/\/sillerobregon.art\/?product=astronautica-venidera-oleo-tela-60x60-cm-2022"},"modified":"2025-12-04T21:45:28","modified_gmt":"2025-12-05T03:45:28","slug":"astronautica-venidera-oleo-tela-60x60-cm-2022","status":"publish","type":"product","link":"https:\/\/sillerobregon.art\/fr\/product\/astronautica-venidera-oleo-tela-60x60-cm-2022\/","title":{"rendered":"\u00ab Coming Astronautics \u00bb Huile\/Toile 60\u00d760 cm. 2022"},"content":{"rendered":"<p>Achetez \u00ab\u00a0Coming Astronautics\u00a0\u00bb, une peinture \u00e0 l&#039;huile de 60\u00a0x\u00a060\u00a0cm. Ajoutez une touche d&#039;art contemporain \u00e0 votre int\u00e9rieur avec cette cr\u00e9ation exclusive de Mauricio Siller. Commandez d\u00e8s maintenant\u00a0!<\/p>","protected":false},"excerpt":{"rendered":"<p>Achetez \u00ab\u00a0Coming Astronautics\u00a0\u00bb, une peinture \u00e0 l&#039;huile de 60\u00a0x\u00a060\u00a0cm. Ajoutez une touche d&#039;art contemporain \u00e0 votre int\u00e9rieur avec cette cr\u00e9ation exclusive de Mauricio Siller. Commandez d\u00e8s maintenant\u00a0!<\/p>","protected":false},"featured_media":588,"comment_status":"closed","ping_status":"closed","template":"","meta":[],"product_brand":[],"product_cat":[24,23],"product_tag":[],"class_list":{"0":"post-305","1":"product","2":"type-product","3":"status-publish","4":"has-post-thumbnail","6":"product_cat-arte-abstracto","7":"product_cat-arte-oleo","9":"first","10":"instock","11":"sale","12":"purchasable","13":"product-type-simple"},"_links":{"self":[{"href":"https:\/\/sillerobregon.art\/fr\/wp-json\/wp\/v2\/product\/305","targetHints":{"allow":["GET"]}}],"collection":[{"href":"https:\/\/sillerobregon.art\/fr\/wp-json\/wp\/v2\/product"}],"about":[{"href":"https:\/\/sillerobregon.art\/fr\/wp-json\/wp\/v2\/types\/product"}],"replies":[{"embeddable":true,"href":"https:\/\/sillerobregon.art\/fr\/wp-json\/wp\/v2\/comments?post=305"}],"wp:featuredmedia":[{"embeddable":true,"href":"https:\/\/sillerobregon.art\/fr\/wp-json\/wp\/v2\/media\/588"}],"wp:attachment":[{"href":"https:\/\/sillerobregon.art\/fr\/wp-json\/wp\/v2\/media?parent=305"}],"wp:term":[{"taxonomy":"product_brand","embeddable":true,"href":"https:\/\/sillerobregon.art\/fr\/wp-json\/wp\/v2\/product_brand?post=305"},{"taxonomy":"product_cat","embeddable":true,"href":"https:\/\/sillerobregon.art\/fr\/wp-json\/wp\/v2\/product_cat?post=305"},{"taxonomy":"product_tag","embeddable":true,"href":"https:\/\/sillerobregon.art\/fr\/wp-json\/wp\/v2\/product_tag?post=305"}],"curies":[{"name":"wp","href":"https:\/\/api.w.org\/{rel}","templated":true}]}}