{"id":307,"date":"2025-02-10T05:33:17","date_gmt":"2025-02-10T05:33:17","guid":{"rendered":"https:\/\/sillerobregon.art\/?product=laberinto-oleo-tela-90x60-cm-2022"},"modified":"2025-11-17T22:04:17","modified_gmt":"2025-11-18T04:04:17","slug":"laberinto-oleo-tela-90x60-cm-2022","status":"publish","type":"product","link":"https:\/\/sillerobregon.art\/fr\/product\/laberinto-oleo-tela-90x60-cm-2022\/","title":{"rendered":"\u00abLabyrinthe\u00bb Huile\/Tissu 90\u00d760 cm. 2022"},"content":{"rendered":"<p>D\u00e9couvrez \u00ab\u00a0Laberinto\u00a0\u00bb, une \u0153uvre abstraite de 90\u00a0x\u00a060\u00a0cm de Mauricio Siller. Transformez votre espace avec ses couleurs et ses \u00e9motions. Offrez-vous votre pi\u00e8ce unique d\u00e8s aujourd&#039;hui\u00a0!<\/p>","protected":false},"excerpt":{"rendered":"<p>D\u00e9couvrez \u00ab\u00a0Laberinto\u00a0\u00bb, une \u0153uvre abstraite de 90\u00a0x\u00a060\u00a0cm de Mauricio Siller. Transformez votre espace avec ses couleurs et ses \u00e9motions. Offrez-vous votre pi\u00e8ce unique d\u00e8s aujourd&#039;hui\u00a0!<\/p>","protected":false},"featured_media":590,"comment_status":"closed","ping_status":"closed","template":"","meta":[],"product_brand":[],"product_cat":[24,23],"product_tag":[],"class_list":{"0":"post-307","1":"product","2":"type-product","3":"status-publish","4":"has-post-thumbnail","6":"product_cat-arte-abstracto","7":"product_cat-arte-oleo","9":"first","10":"instock","11":"purchasable","12":"product-type-simple"},"_links":{"self":[{"href":"https:\/\/sillerobregon.art\/fr\/wp-json\/wp\/v2\/product\/307","targetHints":{"allow":["GET"]}}],"collection":[{"href":"https:\/\/sillerobregon.art\/fr\/wp-json\/wp\/v2\/product"}],"about":[{"href":"https:\/\/sillerobregon.art\/fr\/wp-json\/wp\/v2\/types\/product"}],"replies":[{"embeddable":true,"href":"https:\/\/sillerobregon.art\/fr\/wp-json\/wp\/v2\/comments?post=307"}],"wp:featuredmedia":[{"embeddable":true,"href":"https:\/\/sillerobregon.art\/fr\/wp-json\/wp\/v2\/media\/590"}],"wp:attachment":[{"href":"https:\/\/sillerobregon.art\/fr\/wp-json\/wp\/v2\/media?parent=307"}],"wp:term":[{"taxonomy":"product_brand","embeddable":true,"href":"https:\/\/sillerobregon.art\/fr\/wp-json\/wp\/v2\/product_brand?post=307"},{"taxonomy":"product_cat","embeddable":true,"href":"https:\/\/sillerobregon.art\/fr\/wp-json\/wp\/v2\/product_cat?post=307"},{"taxonomy":"product_tag","embeddable":true,"href":"https:\/\/sillerobregon.art\/fr\/wp-json\/wp\/v2\/product_tag?post=307"}],"curies":[{"name":"wp","href":"https:\/\/api.w.org\/{rel}","templated":true}]}}