{"id":308,"date":"2025-02-10T05:33:17","date_gmt":"2025-02-10T05:33:17","guid":{"rendered":"https:\/\/sillerobregon.art\/?product=metaverso-oleo-tela-100x100-cm-2022"},"modified":"2025-11-17T22:04:35","modified_gmt":"2025-11-18T04:04:35","slug":"metaverso-oleo-tela-100x100-cm-2022","status":"publish","type":"product","link":"https:\/\/sillerobregon.art\/fr\/product\/metaverso-oleo-tela-100x100-cm-2022\/","title":{"rendered":"\u00ab M\u00e9taverse \u00bb Huile\/Tissu 100\u00d7100 cm. 2022"},"content":{"rendered":"<p>D\u00e9couvrez \u00ab\u00a0Metaverse\u00a0\u00bb, une \u0153uvre unique de Mauricio Siller. Parfaite pour apporter une touche d&#039;originalit\u00e9 \u00e0 votre espace. Transformez votre environnement avec de l&#039;art contemporain\u00a0!<\/p>","protected":false},"excerpt":{"rendered":"<p>D\u00e9couvrez \u00ab\u00a0Metaverse\u00a0\u00bb, une \u0153uvre unique de Mauricio Siller. Parfaite pour apporter une touche d&#039;originalit\u00e9 \u00e0 votre espace. Transformez votre environnement avec de l&#039;art contemporain\u00a0!<\/p>","protected":false},"featured_media":591,"comment_status":"closed","ping_status":"closed","template":"","meta":[],"product_brand":[],"product_cat":[24,23],"product_tag":[],"class_list":{"0":"post-308","1":"product","2":"type-product","3":"status-publish","4":"has-post-thumbnail","6":"product_cat-arte-abstracto","7":"product_cat-arte-oleo","9":"first","10":"instock","11":"purchasable","12":"product-type-simple"},"_links":{"self":[{"href":"https:\/\/sillerobregon.art\/fr\/wp-json\/wp\/v2\/product\/308","targetHints":{"allow":["GET"]}}],"collection":[{"href":"https:\/\/sillerobregon.art\/fr\/wp-json\/wp\/v2\/product"}],"about":[{"href":"https:\/\/sillerobregon.art\/fr\/wp-json\/wp\/v2\/types\/product"}],"replies":[{"embeddable":true,"href":"https:\/\/sillerobregon.art\/fr\/wp-json\/wp\/v2\/comments?post=308"}],"wp:featuredmedia":[{"embeddable":true,"href":"https:\/\/sillerobregon.art\/fr\/wp-json\/wp\/v2\/media\/591"}],"wp:attachment":[{"href":"https:\/\/sillerobregon.art\/fr\/wp-json\/wp\/v2\/media?parent=308"}],"wp:term":[{"taxonomy":"product_brand","embeddable":true,"href":"https:\/\/sillerobregon.art\/fr\/wp-json\/wp\/v2\/product_brand?post=308"},{"taxonomy":"product_cat","embeddable":true,"href":"https:\/\/sillerobregon.art\/fr\/wp-json\/wp\/v2\/product_cat?post=308"},{"taxonomy":"product_tag","embeddable":true,"href":"https:\/\/sillerobregon.art\/fr\/wp-json\/wp\/v2\/product_tag?post=308"}],"curies":[{"name":"wp","href":"https:\/\/api.w.org\/{rel}","templated":true}]}}