{"id":310,"date":"2025-02-10T05:33:17","date_gmt":"2025-02-10T05:33:17","guid":{"rendered":"https:\/\/sillerobregon.art\/?product=quantum-oleo-tela-40x50-cm-2022"},"modified":"2025-11-17T22:05:50","modified_gmt":"2025-11-18T04:05:50","slug":"quantum-oleo-tela-40x50-cm-2022","status":"publish","type":"product","link":"https:\/\/sillerobregon.art\/fr\/product\/quantum-oleo-tela-40x50-cm-2022\/","title":{"rendered":"\u00abQuantum\u00bb Huile\/Tissu 40\u00d750 cm. 2022"},"content":{"rendered":"<p>Procurez-vous \u00ab\u00a0Quantum\u00a0\u00bb, une \u0153uvre unique de 2022. Mesurant 40 x 50\u00a0cm, elle transforme votre espace gr\u00e2ce \u00e0 son art contemporain. Appropriez-vous-la et profitez de son authenticit\u00e9\u00a0!<\/p>","protected":false},"excerpt":{"rendered":"<p>Procurez-vous \u00ab\u00a0Quantum\u00a0\u00bb, une \u0153uvre unique de 2022. Mesurant 40 x 50\u00a0cm, elle transforme votre espace gr\u00e2ce \u00e0 son art contemporain. Appropriez-vous-la et profitez de son authenticit\u00e9\u00a0!<\/p>","protected":false},"featured_media":579,"comment_status":"closed","ping_status":"closed","template":"","meta":[],"product_brand":[],"product_cat":[24,23],"product_tag":[],"class_list":{"0":"post-310","1":"product","2":"type-product","3":"status-publish","4":"has-post-thumbnail","6":"product_cat-arte-abstracto","7":"product_cat-arte-oleo","9":"first","10":"instock","11":"purchasable","12":"product-type-simple"},"_links":{"self":[{"href":"https:\/\/sillerobregon.art\/fr\/wp-json\/wp\/v2\/product\/310","targetHints":{"allow":["GET"]}}],"collection":[{"href":"https:\/\/sillerobregon.art\/fr\/wp-json\/wp\/v2\/product"}],"about":[{"href":"https:\/\/sillerobregon.art\/fr\/wp-json\/wp\/v2\/types\/product"}],"replies":[{"embeddable":true,"href":"https:\/\/sillerobregon.art\/fr\/wp-json\/wp\/v2\/comments?post=310"}],"wp:featuredmedia":[{"embeddable":true,"href":"https:\/\/sillerobregon.art\/fr\/wp-json\/wp\/v2\/media\/579"}],"wp:attachment":[{"href":"https:\/\/sillerobregon.art\/fr\/wp-json\/wp\/v2\/media?parent=310"}],"wp:term":[{"taxonomy":"product_brand","embeddable":true,"href":"https:\/\/sillerobregon.art\/fr\/wp-json\/wp\/v2\/product_brand?post=310"},{"taxonomy":"product_cat","embeddable":true,"href":"https:\/\/sillerobregon.art\/fr\/wp-json\/wp\/v2\/product_cat?post=310"},{"taxonomy":"product_tag","embeddable":true,"href":"https:\/\/sillerobregon.art\/fr\/wp-json\/wp\/v2\/product_tag?post=310"}],"curies":[{"name":"wp","href":"https:\/\/api.w.org\/{rel}","templated":true}]}}