{"id":311,"date":"2025-02-10T05:33:17","date_gmt":"2025-02-10T05:33:17","guid":{"rendered":"https:\/\/sillerobregon.art\/?product=movimientos-oleo-yute-130x86-cm-2021"},"modified":"2025-12-05T21:31:42","modified_gmt":"2025-12-06T03:31:42","slug":"movimientos-oleo-yute-130x86-cm-2021","status":"publish","type":"product","link":"https:\/\/sillerobregon.art\/fr\/product\/movimientos-oleo-yute-130x86-cm-2021\/","title":{"rendered":"\u00abMouvements\u00bb Huile\/Jute 130\u00d786 cm. 2021"},"content":{"rendered":"<p>D\u00e9couvrez &quot;Mouvements&quot;, une oeuvre unique en Huile\/Jute 130x86 cm. 2021. Obtenez d\u00e8s maintenant cette pi\u00e8ce exclusive avec un certificat d&#039;authenticit\u00e9 !<\/p>","protected":false},"excerpt":{"rendered":"<p>D\u00e9couvrez &quot;Mouvements&quot;, une oeuvre unique en Huile\/Jute 130x86 cm. 2021. Obtenez d\u00e8s maintenant cette pi\u00e8ce exclusive avec un certificat d&#039;authenticit\u00e9 !<\/p>","protected":false},"featured_media":578,"comment_status":"closed","ping_status":"closed","template":"","meta":[],"product_brand":[],"product_cat":[24,23,29],"product_tag":[],"class_list":{"0":"post-311","1":"product","2":"type-product","3":"status-publish","4":"has-post-thumbnail","6":"product_cat-arte-abstracto","7":"product_cat-arte-oleo","8":"product_cat-arte-yute","10":"first","11":"instock","12":"purchasable","13":"product-type-simple"},"_links":{"self":[{"href":"https:\/\/sillerobregon.art\/fr\/wp-json\/wp\/v2\/product\/311","targetHints":{"allow":["GET"]}}],"collection":[{"href":"https:\/\/sillerobregon.art\/fr\/wp-json\/wp\/v2\/product"}],"about":[{"href":"https:\/\/sillerobregon.art\/fr\/wp-json\/wp\/v2\/types\/product"}],"replies":[{"embeddable":true,"href":"https:\/\/sillerobregon.art\/fr\/wp-json\/wp\/v2\/comments?post=311"}],"wp:featuredmedia":[{"embeddable":true,"href":"https:\/\/sillerobregon.art\/fr\/wp-json\/wp\/v2\/media\/578"}],"wp:attachment":[{"href":"https:\/\/sillerobregon.art\/fr\/wp-json\/wp\/v2\/media?parent=311"}],"wp:term":[{"taxonomy":"product_brand","embeddable":true,"href":"https:\/\/sillerobregon.art\/fr\/wp-json\/wp\/v2\/product_brand?post=311"},{"taxonomy":"product_cat","embeddable":true,"href":"https:\/\/sillerobregon.art\/fr\/wp-json\/wp\/v2\/product_cat?post=311"},{"taxonomy":"product_tag","embeddable":true,"href":"https:\/\/sillerobregon.art\/fr\/wp-json\/wp\/v2\/product_tag?post=311"}],"curies":[{"name":"wp","href":"https:\/\/api.w.org\/{rel}","templated":true}]}}