{"id":431,"date":"2025-04-29T17:54:22","date_gmt":"2025-04-29T23:54:22","guid":{"rendered":"https:\/\/sillerobregon.art\/product\/el-mogote-guerrero\/"},"modified":"2025-11-17T21:58:43","modified_gmt":"2025-11-18T03:58:43","slug":"el-mogote-guerrero","status":"publish","type":"product","link":"https:\/\/sillerobregon.art\/fr\/product\/el-mogote-guerrero\/","title":{"rendered":"\u00ab Le Mogote, Guerrero \u00bb"},"content":{"rendered":"<p>Le long d&#039;une route qui traverse Ixtapan de la Sal et se dirige vers l&#039;\u00e9tat de Guerrero, vous passez par le Mogote o\u00f9 se trouve un \u00e9tang - cl\u00f4tur\u00e9 sur trois c\u00f4t\u00e9s - qui semble rafra\u00eechir l&#039;atmosph\u00e8re plut\u00f4t chaude de cet endroit.<\/p>","protected":false},"excerpt":{"rendered":"<p>Le long d&#039;une route qui traverse Ixtapan de la Sal et se dirige vers l&#039;\u00e9tat de Guerrero, vous passez par le Mogote o\u00f9 se trouve un \u00e9tang - cl\u00f4tur\u00e9 sur trois c\u00f4t\u00e9s - qui semble rafra\u00eechir l&#039;atmosph\u00e8re plut\u00f4t chaude de cet endroit.<\/p>","protected":false},"featured_media":574,"comment_status":"open","ping_status":"closed","template":"","meta":[],"product_brand":[],"product_cat":[31],"product_tag":[],"class_list":{"0":"post-431","1":"product","2":"type-product","3":"status-publish","4":"has-post-thumbnail","6":"product_cat-paisaje-mexicano","8":"first","9":"instock","10":"taxable","11":"shipping-taxable","12":"purchasable","13":"product-type-simple"},"_links":{"self":[{"href":"https:\/\/sillerobregon.art\/fr\/wp-json\/wp\/v2\/product\/431","targetHints":{"allow":["GET"]}}],"collection":[{"href":"https:\/\/sillerobregon.art\/fr\/wp-json\/wp\/v2\/product"}],"about":[{"href":"https:\/\/sillerobregon.art\/fr\/wp-json\/wp\/v2\/types\/product"}],"replies":[{"embeddable":true,"href":"https:\/\/sillerobregon.art\/fr\/wp-json\/wp\/v2\/comments?post=431"}],"wp:featuredmedia":[{"embeddable":true,"href":"https:\/\/sillerobregon.art\/fr\/wp-json\/wp\/v2\/media\/574"}],"wp:attachment":[{"href":"https:\/\/sillerobregon.art\/fr\/wp-json\/wp\/v2\/media?parent=431"}],"wp:term":[{"taxonomy":"product_brand","embeddable":true,"href":"https:\/\/sillerobregon.art\/fr\/wp-json\/wp\/v2\/product_brand?post=431"},{"taxonomy":"product_cat","embeddable":true,"href":"https:\/\/sillerobregon.art\/fr\/wp-json\/wp\/v2\/product_cat?post=431"},{"taxonomy":"product_tag","embeddable":true,"href":"https:\/\/sillerobregon.art\/fr\/wp-json\/wp\/v2\/product_tag?post=431"}],"curies":[{"name":"wp","href":"https:\/\/api.w.org\/{rel}","templated":true}]}}