{"id":432,"date":"2025-04-29T17:54:23","date_gmt":"2025-04-29T23:54:23","guid":{"rendered":"https:\/\/sillerobregon.art\/product\/bahia-en-huatulco\/"},"modified":"2025-11-17T21:49:29","modified_gmt":"2025-11-18T03:49:29","slug":"bahia-en-huatulco","status":"publish","type":"product","link":"https:\/\/sillerobregon.art\/fr\/product\/bahia-en-huatulco\/","title":{"rendered":"\u00ab Baie de Huatulco \u00bb"},"content":{"rendered":"<p>J&#039;ai peint un coucher de soleil dans l&#039;une des baies de Huatulco, essayant de capturer - \u00e0 l&#039;huile - l&#039;atmosph\u00e8re et les moments o\u00f9 le soleil s&#039;est d\u00e9j\u00e0 couch\u00e9, mais il y a encore une lumi\u00e8re splendide et merveilleuse.<\/p>","protected":false},"excerpt":{"rendered":"<p>Pinte un atardecer en una de las bah\u00edas de Huatulco tratando de captar -al \u00f3leo- la atm\u00f3sfera y los momentos en que el sol ya se meti\u00f3, pero a\u00fan hay una luz esplendente y maravillosa.<\/p>","protected":false},"featured_media":573,"comment_status":"open","ping_status":"closed","template":"","meta":[],"product_brand":[],"product_cat":[31],"product_tag":[],"class_list":{"0":"post-432","1":"product","2":"type-product","3":"status-publish","4":"has-post-thumbnail","6":"product_cat-paisaje-mexicano","8":"first","9":"instock","10":"taxable","11":"shipping-taxable","12":"purchasable","13":"product-type-simple"},"_links":{"self":[{"href":"https:\/\/sillerobregon.art\/fr\/wp-json\/wp\/v2\/product\/432","targetHints":{"allow":["GET"]}}],"collection":[{"href":"https:\/\/sillerobregon.art\/fr\/wp-json\/wp\/v2\/product"}],"about":[{"href":"https:\/\/sillerobregon.art\/fr\/wp-json\/wp\/v2\/types\/product"}],"replies":[{"embeddable":true,"href":"https:\/\/sillerobregon.art\/fr\/wp-json\/wp\/v2\/comments?post=432"}],"wp:featuredmedia":[{"embeddable":true,"href":"https:\/\/sillerobregon.art\/fr\/wp-json\/wp\/v2\/media\/573"}],"wp:attachment":[{"href":"https:\/\/sillerobregon.art\/fr\/wp-json\/wp\/v2\/media?parent=432"}],"wp:term":[{"taxonomy":"product_brand","embeddable":true,"href":"https:\/\/sillerobregon.art\/fr\/wp-json\/wp\/v2\/product_brand?post=432"},{"taxonomy":"product_cat","embeddable":true,"href":"https:\/\/sillerobregon.art\/fr\/wp-json\/wp\/v2\/product_cat?post=432"},{"taxonomy":"product_tag","embeddable":true,"href":"https:\/\/sillerobregon.art\/fr\/wp-json\/wp\/v2\/product_tag?post=432"}],"curies":[{"name":"wp","href":"https:\/\/api.w.org\/{rel}","templated":true}]}}