{"id":435,"date":"2025-04-29T17:54:23","date_gmt":"2025-04-29T23:54:23","guid":{"rendered":"https:\/\/sillerobregon.art\/product\/la-piel-de-la-noche\/"},"modified":"2025-11-17T21:52:58","modified_gmt":"2025-11-18T03:52:58","slug":"la-piel-de-la-noche","status":"publish","type":"product","link":"https:\/\/sillerobregon.art\/fr\/product\/la-piel-de-la-noche\/","title":{"rendered":"\u00ab La peau de la nuit \u00bb"},"content":{"rendered":"<p>Cette toile est de la p\u00e9riode \u00ab N\u00e9o-mexicanisme \u00bb dont les th\u00e8mes font r\u00e9f\u00e9rence au Mexique pr\u00e9hispanique, \u00e0 la colonie et au folklore qui a \u00e9merg\u00e9 au XXe si\u00e8cle.<\/p>","protected":false},"excerpt":{"rendered":"<p>Cette toile est de la p\u00e9riode \u00ab N\u00e9o-mexicanisme \u00bb dont les th\u00e8mes font r\u00e9f\u00e9rence au Mexique pr\u00e9hispanique, \u00e0 la colonie et au folklore qui a \u00e9merg\u00e9 au XXe si\u00e8cle.<\/p>","protected":false},"featured_media":570,"comment_status":"open","ping_status":"closed","template":"","meta":[],"product_brand":[],"product_cat":[34],"product_tag":[],"class_list":{"0":"post-435","1":"product","2":"type-product","3":"status-publish","4":"has-post-thumbnail","6":"product_cat-neo-mexicanismo","8":"first","9":"instock","10":"taxable","11":"shipping-taxable","12":"purchasable","13":"product-type-simple"},"_links":{"self":[{"href":"https:\/\/sillerobregon.art\/fr\/wp-json\/wp\/v2\/product\/435","targetHints":{"allow":["GET"]}}],"collection":[{"href":"https:\/\/sillerobregon.art\/fr\/wp-json\/wp\/v2\/product"}],"about":[{"href":"https:\/\/sillerobregon.art\/fr\/wp-json\/wp\/v2\/types\/product"}],"replies":[{"embeddable":true,"href":"https:\/\/sillerobregon.art\/fr\/wp-json\/wp\/v2\/comments?post=435"}],"wp:featuredmedia":[{"embeddable":true,"href":"https:\/\/sillerobregon.art\/fr\/wp-json\/wp\/v2\/media\/570"}],"wp:attachment":[{"href":"https:\/\/sillerobregon.art\/fr\/wp-json\/wp\/v2\/media?parent=435"}],"wp:term":[{"taxonomy":"product_brand","embeddable":true,"href":"https:\/\/sillerobregon.art\/fr\/wp-json\/wp\/v2\/product_brand?post=435"},{"taxonomy":"product_cat","embeddable":true,"href":"https:\/\/sillerobregon.art\/fr\/wp-json\/wp\/v2\/product_cat?post=435"},{"taxonomy":"product_tag","embeddable":true,"href":"https:\/\/sillerobregon.art\/fr\/wp-json\/wp\/v2\/product_tag?post=435"}],"curies":[{"name":"wp","href":"https:\/\/api.w.org\/{rel}","templated":true}]}}