{"id":436,"date":"2025-04-29T17:54:23","date_gmt":"2025-04-29T23:54:23","guid":{"rendered":"https:\/\/sillerobregon.art\/product\/vaquerias\/"},"modified":"2025-11-17T21:54:25","modified_gmt":"2025-11-18T03:54:25","slug":"vaquerias","status":"publish","type":"product","link":"https:\/\/sillerobregon.art\/fr\/product\/vaquerias\/","title":{"rendered":"\u00ab Fermes laiti\u00e8res \u00bb"},"content":{"rendered":"<p>Vaquer\u00edas, \u00e9galement de la cinqui\u00e8me p\u00e9riode du n\u00e9o-mexicanisme, o\u00f9 le cr\u00e2ne d\u00e9charn\u00e9 d&#039;une vache ou d&#039;un taureau appara\u00eet \u00e0 c\u00f4t\u00e9 de multiples formes et visages, chacun plus imaginatif, color\u00e9 et surprenant.<\/p>","protected":false},"excerpt":{"rendered":"<p>Vaquer\u00edas, \u00e9galement de la cinqui\u00e8me p\u00e9riode du n\u00e9o-mexicanisme, o\u00f9 le cr\u00e2ne d\u00e9charn\u00e9 d&#039;une vache ou d&#039;un taureau appara\u00eet \u00e0 c\u00f4t\u00e9 de multiples formes et visages, chacun plus imaginatif, color\u00e9 et surprenant.<\/p>","protected":false},"featured_media":569,"comment_status":"open","ping_status":"closed","template":"","meta":[],"product_brand":[],"product_cat":[35],"product_tag":[],"class_list":{"0":"post-436","1":"product","2":"type-product","3":"status-publish","4":"has-post-thumbnail","6":"product_cat-abstracto-figurativo","8":"first","9":"instock","10":"sale","11":"taxable","12":"shipping-taxable","13":"purchasable","14":"product-type-simple"},"_links":{"self":[{"href":"https:\/\/sillerobregon.art\/fr\/wp-json\/wp\/v2\/product\/436","targetHints":{"allow":["GET"]}}],"collection":[{"href":"https:\/\/sillerobregon.art\/fr\/wp-json\/wp\/v2\/product"}],"about":[{"href":"https:\/\/sillerobregon.art\/fr\/wp-json\/wp\/v2\/types\/product"}],"replies":[{"embeddable":true,"href":"https:\/\/sillerobregon.art\/fr\/wp-json\/wp\/v2\/comments?post=436"}],"wp:featuredmedia":[{"embeddable":true,"href":"https:\/\/sillerobregon.art\/fr\/wp-json\/wp\/v2\/media\/569"}],"wp:attachment":[{"href":"https:\/\/sillerobregon.art\/fr\/wp-json\/wp\/v2\/media?parent=436"}],"wp:term":[{"taxonomy":"product_brand","embeddable":true,"href":"https:\/\/sillerobregon.art\/fr\/wp-json\/wp\/v2\/product_brand?post=436"},{"taxonomy":"product_cat","embeddable":true,"href":"https:\/\/sillerobregon.art\/fr\/wp-json\/wp\/v2\/product_cat?post=436"},{"taxonomy":"product_tag","embeddable":true,"href":"https:\/\/sillerobregon.art\/fr\/wp-json\/wp\/v2\/product_tag?post=436"}],"curies":[{"name":"wp","href":"https:\/\/api.w.org\/{rel}","templated":true}]}}