{"id":438,"date":"2025-04-29T17:54:23","date_gmt":"2025-04-29T23:54:23","guid":{"rendered":"https:\/\/sillerobregon.art\/product\/taurina\/"},"modified":"2025-11-17T21:55:30","modified_gmt":"2025-11-18T03:55:30","slug":"taurina","status":"publish","type":"product","link":"https:\/\/sillerobregon.art\/fr\/product\/taurina\/","title":{"rendered":"\u00ab Taurine \u00bb"},"content":{"rendered":"<p>Dans le style du n\u00e9o-mexicainisme, on retrouve des motifs de cultures ancestrales m\u00eal\u00e9s \u00e0 d&#039;autres de nature globale, ludiques par leurs approches picturales qui rappellent la f\u00eate taurine aujourd&#039;hui presque \u00e9teinte.<\/p>","protected":false},"excerpt":{"rendered":"<p>Dans le style du n\u00e9o-mexicainisme, on retrouve des motifs de cultures ancestrales m\u00eal\u00e9s \u00e0 d&#039;autres de nature globale, ludiques par leurs approches picturales qui rappellent la f\u00eate taurine aujourd&#039;hui presque \u00e9teinte.<\/p>","protected":false},"featured_media":567,"comment_status":"open","ping_status":"closed","template":"","meta":[],"product_brand":[],"product_cat":[34],"product_tag":[],"class_list":{"0":"post-438","1":"product","2":"type-product","3":"status-publish","4":"has-post-thumbnail","6":"product_cat-neo-mexicanismo","8":"first","9":"instock","10":"taxable","11":"shipping-taxable","12":"purchasable","13":"product-type-simple"},"_links":{"self":[{"href":"https:\/\/sillerobregon.art\/fr\/wp-json\/wp\/v2\/product\/438","targetHints":{"allow":["GET"]}}],"collection":[{"href":"https:\/\/sillerobregon.art\/fr\/wp-json\/wp\/v2\/product"}],"about":[{"href":"https:\/\/sillerobregon.art\/fr\/wp-json\/wp\/v2\/types\/product"}],"replies":[{"embeddable":true,"href":"https:\/\/sillerobregon.art\/fr\/wp-json\/wp\/v2\/comments?post=438"}],"wp:featuredmedia":[{"embeddable":true,"href":"https:\/\/sillerobregon.art\/fr\/wp-json\/wp\/v2\/media\/567"}],"wp:attachment":[{"href":"https:\/\/sillerobregon.art\/fr\/wp-json\/wp\/v2\/media?parent=438"}],"wp:term":[{"taxonomy":"product_brand","embeddable":true,"href":"https:\/\/sillerobregon.art\/fr\/wp-json\/wp\/v2\/product_brand?post=438"},{"taxonomy":"product_cat","embeddable":true,"href":"https:\/\/sillerobregon.art\/fr\/wp-json\/wp\/v2\/product_cat?post=438"},{"taxonomy":"product_tag","embeddable":true,"href":"https:\/\/sillerobregon.art\/fr\/wp-json\/wp\/v2\/product_tag?post=438"}],"curies":[{"name":"wp","href":"https:\/\/api.w.org\/{rel}","templated":true}]}}