{"id":441,"date":"2025-04-29T17:54:24","date_gmt":"2025-04-29T23:54:24","guid":{"rendered":"https:\/\/sillerobregon.art\/product\/la-muerte-de-carmelo-perez\/"},"modified":"2025-11-17T21:38:57","modified_gmt":"2025-11-18T03:38:57","slug":"la-muerte-de-carmelo-perez","status":"publish","type":"product","link":"https:\/\/sillerobregon.art\/fr\/product\/la-muerte-de-carmelo-perez\/","title":{"rendered":"\u00ab La mort de Carmelo P\u00e9rez \u00bb"},"content":{"rendered":"<p>En l&#039;an 31 du XXe si\u00e8cle, le c\u00e9l\u00e8bre torero de Texcoco fut violemment frapp\u00e9 et rou\u00e9 de coups. Il convient de noter qu&#039;il ne mourut pas l&#039;apr\u00e8s-midi m\u00eame dans l&#039;ar\u00e8ne, mais peu de temps apr\u00e8s, incapable de se remettre de ce tragique \u00e9v\u00e9nement. L&#039;auteur de cette \u0153uvre n&#039;\u00e9tait pas encore n\u00e9, mais je le peins car il est un mythe de la tauromachie mexicaine du si\u00e8cle dernier.<\/p>","protected":false},"excerpt":{"rendered":"<p>En el a\u00f1o 31 del siglo xx es tremendamente corneado y vapuleado el c\u00e9lebre torero de Texcoco , hay que apuntar que no muri\u00f3 esa misma tarde en el ruedo, sino al poco tiempo despu\u00e9s, ya que no pudo mejorarse del tr\u00e1gico acontecimiento\u2026 el autor de esta obra a\u00fan no nac\u00eda, pero lo pinto por [&hellip;]<\/p>","protected":false},"featured_media":563,"comment_status":"open","ping_status":"closed","template":"","meta":[],"product_brand":[],"product_cat":[37],"product_tag":[],"class_list":{"0":"post-441","1":"product","2":"type-product","3":"status-publish","4":"has-post-thumbnail","6":"product_cat-naif-fantastico-2","8":"first","9":"instock","10":"taxable","11":"shipping-taxable","12":"purchasable","13":"product-type-simple"},"_links":{"self":[{"href":"https:\/\/sillerobregon.art\/fr\/wp-json\/wp\/v2\/product\/441","targetHints":{"allow":["GET"]}}],"collection":[{"href":"https:\/\/sillerobregon.art\/fr\/wp-json\/wp\/v2\/product"}],"about":[{"href":"https:\/\/sillerobregon.art\/fr\/wp-json\/wp\/v2\/types\/product"}],"replies":[{"embeddable":true,"href":"https:\/\/sillerobregon.art\/fr\/wp-json\/wp\/v2\/comments?post=441"}],"wp:featuredmedia":[{"embeddable":true,"href":"https:\/\/sillerobregon.art\/fr\/wp-json\/wp\/v2\/media\/563"}],"wp:attachment":[{"href":"https:\/\/sillerobregon.art\/fr\/wp-json\/wp\/v2\/media?parent=441"}],"wp:term":[{"taxonomy":"product_brand","embeddable":true,"href":"https:\/\/sillerobregon.art\/fr\/wp-json\/wp\/v2\/product_brand?post=441"},{"taxonomy":"product_cat","embeddable":true,"href":"https:\/\/sillerobregon.art\/fr\/wp-json\/wp\/v2\/product_cat?post=441"},{"taxonomy":"product_tag","embeddable":true,"href":"https:\/\/sillerobregon.art\/fr\/wp-json\/wp\/v2\/product_tag?post=441"}],"curies":[{"name":"wp","href":"https:\/\/api.w.org\/{rel}","templated":true}]}}