{"id":442,"date":"2025-04-29T17:54:24","date_gmt":"2025-04-29T23:54:24","guid":{"rendered":"https:\/\/sillerobregon.art\/product\/picamosco\/"},"modified":"2025-11-17T21:39:33","modified_gmt":"2025-11-18T03:39:33","slug":"picamosco","status":"publish","type":"product","link":"https:\/\/sillerobregon.art\/fr\/product\/picamosco\/","title":{"rendered":"\u00ab Picamosco \u00bb"},"content":{"rendered":"<p>Avec le titre humoristique de cette \u0153uvre, l&#039;auteur a souhait\u00e9 rendre hommage \u00e0 la bande dessin\u00e9e pour enfants \u00ab\u00a0Les Rois Mages\u00a0\u00bb. Le tableau repr\u00e9sente un port c\u00f4tier tropical o\u00f9 la chaleur et les moustiques sont omnipr\u00e9sents\u2026<\/p>","protected":false},"excerpt":{"rendered":"<p>Avec le titre humoristique de cette \u0153uvre, l&#039;auteur a souhait\u00e9 rendre hommage \u00e0 la bande dessin\u00e9e pour enfants \u00ab\u00a0Les Rois mages\u00a0\u00bb. Le tableau repr\u00e9sente un port c\u00f4tier tropical o\u00f9 la chaleur et les moustiques sont omnipr\u00e9sents\u2026<\/p>","protected":false},"featured_media":562,"comment_status":"open","ping_status":"closed","template":"","meta":[],"product_brand":[],"product_cat":[37],"product_tag":[],"class_list":{"0":"post-442","1":"product","2":"type-product","3":"status-publish","4":"has-post-thumbnail","6":"product_cat-naif-fantastico-2","8":"first","9":"instock","10":"sale","11":"taxable","12":"shipping-taxable","13":"purchasable","14":"product-type-simple"},"_links":{"self":[{"href":"https:\/\/sillerobregon.art\/fr\/wp-json\/wp\/v2\/product\/442","targetHints":{"allow":["GET"]}}],"collection":[{"href":"https:\/\/sillerobregon.art\/fr\/wp-json\/wp\/v2\/product"}],"about":[{"href":"https:\/\/sillerobregon.art\/fr\/wp-json\/wp\/v2\/types\/product"}],"replies":[{"embeddable":true,"href":"https:\/\/sillerobregon.art\/fr\/wp-json\/wp\/v2\/comments?post=442"}],"wp:featuredmedia":[{"embeddable":true,"href":"https:\/\/sillerobregon.art\/fr\/wp-json\/wp\/v2\/media\/562"}],"wp:attachment":[{"href":"https:\/\/sillerobregon.art\/fr\/wp-json\/wp\/v2\/media?parent=442"}],"wp:term":[{"taxonomy":"product_brand","embeddable":true,"href":"https:\/\/sillerobregon.art\/fr\/wp-json\/wp\/v2\/product_brand?post=442"},{"taxonomy":"product_cat","embeddable":true,"href":"https:\/\/sillerobregon.art\/fr\/wp-json\/wp\/v2\/product_cat?post=442"},{"taxonomy":"product_tag","embeddable":true,"href":"https:\/\/sillerobregon.art\/fr\/wp-json\/wp\/v2\/product_tag?post=442"}],"curies":[{"name":"wp","href":"https:\/\/api.w.org\/{rel}","templated":true}]}}