{"id":445,"date":"2025-04-29T17:54:24","date_gmt":"2025-04-29T23:54:24","guid":{"rendered":"https:\/\/sillerobregon.art\/product\/suenos-lunares\/"},"modified":"2025-11-17T21:48:11","modified_gmt":"2025-11-18T03:48:11","slug":"suenos-lunares","status":"publish","type":"product","link":"https:\/\/sillerobregon.art\/fr\/product\/suenos-lunares\/","title":{"rendered":"\u00ab R\u00eaves lunaires \u00bb"},"content":{"rendered":"<p>De la p\u00e9riode &quot;N\u00e9o-mexicanisme&quot; on retrouve plusieurs sujets peints caract\u00e9ristiques, un serpent \u00e0 plumes se dirigeant vers une pyramide, en dessous une copie d&#039;un codex et des visages typiques diss\u00e9min\u00e9s sur cette toile, des bras ainsi que le soleil et la lune.<\/p>","protected":false},"excerpt":{"rendered":"<p>De la p\u00e9riode &quot;N\u00e9o-mexicanisme&quot; on retrouve plusieurs sujets peints caract\u00e9ristiques, un serpent \u00e0 plumes se dirigeant vers une pyramide, en dessous une copie d&#039;un codex et des visages typiques diss\u00e9min\u00e9s sur cette toile, des bras ainsi que le soleil et la lune.<\/p>","protected":false},"featured_media":559,"comment_status":"open","ping_status":"closed","template":"","meta":[],"product_brand":[],"product_cat":[34],"product_tag":[],"class_list":{"0":"post-445","1":"product","2":"type-product","3":"status-publish","4":"has-post-thumbnail","6":"product_cat-neo-mexicanismo","8":"first","9":"instock","10":"taxable","11":"shipping-taxable","12":"purchasable","13":"product-type-simple"},"_links":{"self":[{"href":"https:\/\/sillerobregon.art\/fr\/wp-json\/wp\/v2\/product\/445","targetHints":{"allow":["GET"]}}],"collection":[{"href":"https:\/\/sillerobregon.art\/fr\/wp-json\/wp\/v2\/product"}],"about":[{"href":"https:\/\/sillerobregon.art\/fr\/wp-json\/wp\/v2\/types\/product"}],"replies":[{"embeddable":true,"href":"https:\/\/sillerobregon.art\/fr\/wp-json\/wp\/v2\/comments?post=445"}],"wp:featuredmedia":[{"embeddable":true,"href":"https:\/\/sillerobregon.art\/fr\/wp-json\/wp\/v2\/media\/559"}],"wp:attachment":[{"href":"https:\/\/sillerobregon.art\/fr\/wp-json\/wp\/v2\/media?parent=445"}],"wp:term":[{"taxonomy":"product_brand","embeddable":true,"href":"https:\/\/sillerobregon.art\/fr\/wp-json\/wp\/v2\/product_brand?post=445"},{"taxonomy":"product_cat","embeddable":true,"href":"https:\/\/sillerobregon.art\/fr\/wp-json\/wp\/v2\/product_cat?post=445"},{"taxonomy":"product_tag","embeddable":true,"href":"https:\/\/sillerobregon.art\/fr\/wp-json\/wp\/v2\/product_tag?post=445"}],"curies":[{"name":"wp","href":"https:\/\/api.w.org\/{rel}","templated":true}]}}