{"id":448,"date":"2025-04-29T17:54:25","date_gmt":"2025-04-29T23:54:25","guid":{"rendered":"https:\/\/sillerobregon.art\/product\/ovni\/"},"modified":"2025-11-17T21:34:59","modified_gmt":"2025-11-18T03:34:59","slug":"ovni","status":"publish","type":"product","link":"https:\/\/sillerobregon.art\/fr\/product\/ovni\/","title":{"rendered":"&quot;OVNI&quot;"},"content":{"rendered":"<p>Il y a quelques ann\u00e9es, nous avons eu - amis, famille et moi - une rencontre rapproch\u00e9e avec un OVNI, c&#039;est pourquoi dans de nombreuses \u0153uvres je r\u00e9interpr\u00e8te ce que j&#039;ai v\u00e9cu lors de cette occasion presque incroyable mais vraie.<\/p>","protected":false},"excerpt":{"rendered":"<p>Il y a quelques ann\u00e9es, nous avons eu - amis, famille et moi - une rencontre rapproch\u00e9e avec un OVNI, c&#039;est pourquoi dans de nombreuses \u0153uvres je r\u00e9interpr\u00e8te ce que j&#039;ai v\u00e9cu lors de cette occasion presque incroyable mais vraie.<\/p>","protected":false},"featured_media":556,"comment_status":"open","ping_status":"closed","template":"","meta":[],"product_brand":[],"product_cat":[20],"product_tag":[],"class_list":{"0":"post-448","1":"product","2":"type-product","3":"status-publish","4":"has-post-thumbnail","6":"product_cat-sin-categorizar","8":"first","9":"instock","10":"taxable","11":"shipping-taxable","12":"purchasable","13":"product-type-simple"},"_links":{"self":[{"href":"https:\/\/sillerobregon.art\/fr\/wp-json\/wp\/v2\/product\/448","targetHints":{"allow":["GET"]}}],"collection":[{"href":"https:\/\/sillerobregon.art\/fr\/wp-json\/wp\/v2\/product"}],"about":[{"href":"https:\/\/sillerobregon.art\/fr\/wp-json\/wp\/v2\/types\/product"}],"replies":[{"embeddable":true,"href":"https:\/\/sillerobregon.art\/fr\/wp-json\/wp\/v2\/comments?post=448"}],"wp:featuredmedia":[{"embeddable":true,"href":"https:\/\/sillerobregon.art\/fr\/wp-json\/wp\/v2\/media\/556"}],"wp:attachment":[{"href":"https:\/\/sillerobregon.art\/fr\/wp-json\/wp\/v2\/media?parent=448"}],"wp:term":[{"taxonomy":"product_brand","embeddable":true,"href":"https:\/\/sillerobregon.art\/fr\/wp-json\/wp\/v2\/product_brand?post=448"},{"taxonomy":"product_cat","embeddable":true,"href":"https:\/\/sillerobregon.art\/fr\/wp-json\/wp\/v2\/product_cat?post=448"},{"taxonomy":"product_tag","embeddable":true,"href":"https:\/\/sillerobregon.art\/fr\/wp-json\/wp\/v2\/product_tag?post=448"}],"curies":[{"name":"wp","href":"https:\/\/api.w.org\/{rel}","templated":true}]}}