{"id":449,"date":"2025-04-29T17:54:25","date_gmt":"2025-04-29T23:54:25","guid":{"rendered":"https:\/\/sillerobregon.art\/product\/flor-galactica\/"},"modified":"2025-10-17T20:58:30","modified_gmt":"2025-10-18T02:58:30","slug":"flor-galactica","status":"publish","type":"product","link":"https:\/\/sillerobregon.art\/fr\/product\/flor-galactica\/","title":{"rendered":"\u00ab Fleur Galactique \u00bb"},"content":{"rendered":"<p>Une fleur imaginaire dans une galaxie\u2026 ces tableaux, dont plusieurs \u00e0 th\u00e8mes astronomiques, ont \u00e9t\u00e9 peints \u00e0 l\u2019huile \u2013 pour profiter au maximum du temps \u2013 dans la galerie que j\u2019ai eue pendant un peu plus de deux ans sur la Plaza Zentrika \u00e0 Santa Fe, \u00e0 Mexico.<\/p>","protected":false},"excerpt":{"rendered":"<p>Una flor imaginaria en alguna galaxia\u2026 estos cuadros, son varios de tema sideral , y fueron pintados al \u00f3leo &#8211; para aprovechar el tiempo- en la galer\u00eda que tuvepoco m\u00e1s de dos an\u00f3s en Plaza Zentrika en Santa Fe, en la Ciudad de M\u00e9xico.<\/p>","protected":false},"featured_media":555,"comment_status":"open","ping_status":"closed","template":"","meta":[],"product_brand":[],"product_cat":[20],"product_tag":[],"class_list":{"0":"post-449","1":"product","2":"type-product","3":"status-publish","4":"has-post-thumbnail","6":"product_cat-sin-categorizar","8":"first","9":"instock","10":"taxable","11":"shipping-taxable","12":"purchasable","13":"product-type-simple"},"_links":{"self":[{"href":"https:\/\/sillerobregon.art\/fr\/wp-json\/wp\/v2\/product\/449","targetHints":{"allow":["GET"]}}],"collection":[{"href":"https:\/\/sillerobregon.art\/fr\/wp-json\/wp\/v2\/product"}],"about":[{"href":"https:\/\/sillerobregon.art\/fr\/wp-json\/wp\/v2\/types\/product"}],"replies":[{"embeddable":true,"href":"https:\/\/sillerobregon.art\/fr\/wp-json\/wp\/v2\/comments?post=449"}],"wp:featuredmedia":[{"embeddable":true,"href":"https:\/\/sillerobregon.art\/fr\/wp-json\/wp\/v2\/media\/555"}],"wp:attachment":[{"href":"https:\/\/sillerobregon.art\/fr\/wp-json\/wp\/v2\/media?parent=449"}],"wp:term":[{"taxonomy":"product_brand","embeddable":true,"href":"https:\/\/sillerobregon.art\/fr\/wp-json\/wp\/v2\/product_brand?post=449"},{"taxonomy":"product_cat","embeddable":true,"href":"https:\/\/sillerobregon.art\/fr\/wp-json\/wp\/v2\/product_cat?post=449"},{"taxonomy":"product_tag","embeddable":true,"href":"https:\/\/sillerobregon.art\/fr\/wp-json\/wp\/v2\/product_tag?post=449"}],"curies":[{"name":"wp","href":"https:\/\/api.w.org\/{rel}","templated":true}]}}