{"id":450,"date":"2025-04-29T17:54:25","date_gmt":"2025-04-29T23:54:25","guid":{"rendered":"https:\/\/sillerobregon.art\/product\/atraccion-absorbente\/"},"modified":"2025-11-17T21:35:23","modified_gmt":"2025-11-18T03:35:23","slug":"atraccion-absorbente","status":"publish","type":"product","link":"https:\/\/sillerobregon.art\/fr\/product\/atraccion-absorbente\/","title":{"rendered":"\u00ab Attraction absorbante \u00bb"},"content":{"rendered":"<p>Vers le centre de la spirale se trouvent des couleurs chaudes telles que le rouge, l&#039;orange et le jaune, suivies de couleurs froides telles que le vert, le bleu et le violet ; derri\u00e8re elles, une sc\u00e8ne simulant une gamme infinie d&#039;\u00e9toiles tumultueuses dans l&#039;espace int\u00e9rieur et ext\u00e9rieur.<\/p>","protected":false},"excerpt":{"rendered":"<p>Vers le centre de la spirale se trouvent des couleurs chaudes telles que le rouge, l&#039;orange et le jaune, suivies de couleurs froides telles que le vert, le bleu et le violet ; derri\u00e8re elles, une sc\u00e8ne simulant une gamme infinie d&#039;\u00e9toiles tumultueuses dans l&#039;espace int\u00e9rieur et ext\u00e9rieur.<\/p>","protected":false},"featured_media":554,"comment_status":"open","ping_status":"closed","template":"","meta":[],"product_brand":[],"product_cat":[20],"product_tag":[],"class_list":{"0":"post-450","1":"product","2":"type-product","3":"status-publish","4":"has-post-thumbnail","6":"product_cat-sin-categorizar","8":"first","9":"instock","10":"sale","11":"taxable","12":"shipping-taxable","13":"purchasable","14":"product-type-simple"},"_links":{"self":[{"href":"https:\/\/sillerobregon.art\/fr\/wp-json\/wp\/v2\/product\/450","targetHints":{"allow":["GET"]}}],"collection":[{"href":"https:\/\/sillerobregon.art\/fr\/wp-json\/wp\/v2\/product"}],"about":[{"href":"https:\/\/sillerobregon.art\/fr\/wp-json\/wp\/v2\/types\/product"}],"replies":[{"embeddable":true,"href":"https:\/\/sillerobregon.art\/fr\/wp-json\/wp\/v2\/comments?post=450"}],"wp:featuredmedia":[{"embeddable":true,"href":"https:\/\/sillerobregon.art\/fr\/wp-json\/wp\/v2\/media\/554"}],"wp:attachment":[{"href":"https:\/\/sillerobregon.art\/fr\/wp-json\/wp\/v2\/media?parent=450"}],"wp:term":[{"taxonomy":"product_brand","embeddable":true,"href":"https:\/\/sillerobregon.art\/fr\/wp-json\/wp\/v2\/product_brand?post=450"},{"taxonomy":"product_cat","embeddable":true,"href":"https:\/\/sillerobregon.art\/fr\/wp-json\/wp\/v2\/product_cat?post=450"},{"taxonomy":"product_tag","embeddable":true,"href":"https:\/\/sillerobregon.art\/fr\/wp-json\/wp\/v2\/product_tag?post=450"}],"curies":[{"name":"wp","href":"https:\/\/api.w.org\/{rel}","templated":true}]}}