{"id":452,"date":"2025-04-29T17:54:25","date_gmt":"2025-04-29T23:54:25","guid":{"rendered":"https:\/\/sillerobregon.art\/product\/biocompatibilidad\/"},"modified":"2025-11-17T21:36:28","modified_gmt":"2025-11-18T03:36:28","slug":"biocompatibilidad","status":"publish","type":"product","link":"https:\/\/sillerobregon.art\/fr\/product\/biocompatibilidad\/","title":{"rendered":"\u00ab Biocompatibilit\u00e9 \u00bb"},"content":{"rendered":"<p>Une femme, all\u00e9gorie de la vie, aux formes sensuelles et aux courbes quelque peu exag\u00e9r\u00e9es, se d\u00e9tache dans un labyrinthe organique color\u00e9 o\u00f9 se trouve le ch\u00e2teau mythique des r\u00eaves, de l&#039;inventivit\u00e9, de la cr\u00e9ativit\u00e9 et de l&#039;ing\u00e9niosit\u00e9...<\/p>","protected":false},"excerpt":{"rendered":"<p>Une femme, all\u00e9gorie de la vie, aux formes sensuelles et aux courbes quelque peu exag\u00e9r\u00e9es, se d\u00e9tache dans un labyrinthe organique color\u00e9 o\u00f9 se trouve le ch\u00e2teau mythique des r\u00eaves, de l&#039;inventivit\u00e9, de la cr\u00e9ativit\u00e9 et de l&#039;ing\u00e9niosit\u00e9...<\/p>","protected":false},"featured_media":552,"comment_status":"open","ping_status":"closed","template":"","meta":[],"product_brand":[],"product_cat":[35],"product_tag":[],"class_list":{"0":"post-452","1":"product","2":"type-product","3":"status-publish","4":"has-post-thumbnail","6":"product_cat-abstracto-figurativo","8":"first","9":"instock","10":"sale","11":"taxable","12":"shipping-taxable","13":"purchasable","14":"product-type-simple"},"_links":{"self":[{"href":"https:\/\/sillerobregon.art\/fr\/wp-json\/wp\/v2\/product\/452","targetHints":{"allow":["GET"]}}],"collection":[{"href":"https:\/\/sillerobregon.art\/fr\/wp-json\/wp\/v2\/product"}],"about":[{"href":"https:\/\/sillerobregon.art\/fr\/wp-json\/wp\/v2\/types\/product"}],"replies":[{"embeddable":true,"href":"https:\/\/sillerobregon.art\/fr\/wp-json\/wp\/v2\/comments?post=452"}],"wp:featuredmedia":[{"embeddable":true,"href":"https:\/\/sillerobregon.art\/fr\/wp-json\/wp\/v2\/media\/552"}],"wp:attachment":[{"href":"https:\/\/sillerobregon.art\/fr\/wp-json\/wp\/v2\/media?parent=452"}],"wp:term":[{"taxonomy":"product_brand","embeddable":true,"href":"https:\/\/sillerobregon.art\/fr\/wp-json\/wp\/v2\/product_brand?post=452"},{"taxonomy":"product_cat","embeddable":true,"href":"https:\/\/sillerobregon.art\/fr\/wp-json\/wp\/v2\/product_cat?post=452"},{"taxonomy":"product_tag","embeddable":true,"href":"https:\/\/sillerobregon.art\/fr\/wp-json\/wp\/v2\/product_tag?post=452"}],"curies":[{"name":"wp","href":"https:\/\/api.w.org\/{rel}","templated":true}]}}