{"id":453,"date":"2025-04-29T17:54:26","date_gmt":"2025-04-29T23:54:26","guid":{"rendered":"https:\/\/sillerobregon.art\/product\/universalidad\/"},"modified":"2025-11-17T21:29:51","modified_gmt":"2025-11-18T03:29:51","slug":"universalidad","status":"publish","type":"product","link":"https:\/\/sillerobregon.art\/fr\/product\/universalidad\/","title":{"rendered":"&quot;Universalit\u00e9&quot;"},"content":{"rendered":"<p>Il s\u2019agit d\u2019une autre \u0153uvre \u00e0 th\u00e8me c\u00e9leste o\u00f9 un morceau d\u2019un univers imagin\u00e9 est montr\u00e9 rempli de sph\u00e8res plan\u00e9taires et d\u2019\u00e9nergies stellaires, toujours en mouvement et en expansion illimit\u00e9e\u2026.<\/p>","protected":false},"excerpt":{"rendered":"<p>Il s\u2019agit d\u2019une autre \u0153uvre \u00e0 th\u00e8me c\u00e9leste o\u00f9 un morceau d\u2019un univers imagin\u00e9 est montr\u00e9 rempli de sph\u00e8res plan\u00e9taires et d\u2019\u00e9nergies stellaires, toujours en mouvement et en expansion illimit\u00e9e\u2026.<\/p>","protected":false},"featured_media":551,"comment_status":"open","ping_status":"closed","template":"","meta":[],"product_brand":[],"product_cat":[20],"product_tag":[],"class_list":{"0":"post-453","1":"product","2":"type-product","3":"status-publish","4":"has-post-thumbnail","6":"product_cat-sin-categorizar","8":"first","9":"instock","10":"taxable","11":"shipping-taxable","12":"purchasable","13":"product-type-simple"},"_links":{"self":[{"href":"https:\/\/sillerobregon.art\/fr\/wp-json\/wp\/v2\/product\/453","targetHints":{"allow":["GET"]}}],"collection":[{"href":"https:\/\/sillerobregon.art\/fr\/wp-json\/wp\/v2\/product"}],"about":[{"href":"https:\/\/sillerobregon.art\/fr\/wp-json\/wp\/v2\/types\/product"}],"replies":[{"embeddable":true,"href":"https:\/\/sillerobregon.art\/fr\/wp-json\/wp\/v2\/comments?post=453"}],"wp:featuredmedia":[{"embeddable":true,"href":"https:\/\/sillerobregon.art\/fr\/wp-json\/wp\/v2\/media\/551"}],"wp:attachment":[{"href":"https:\/\/sillerobregon.art\/fr\/wp-json\/wp\/v2\/media?parent=453"}],"wp:term":[{"taxonomy":"product_brand","embeddable":true,"href":"https:\/\/sillerobregon.art\/fr\/wp-json\/wp\/v2\/product_brand?post=453"},{"taxonomy":"product_cat","embeddable":true,"href":"https:\/\/sillerobregon.art\/fr\/wp-json\/wp\/v2\/product_cat?post=453"},{"taxonomy":"product_tag","embeddable":true,"href":"https:\/\/sillerobregon.art\/fr\/wp-json\/wp\/v2\/product_tag?post=453"}],"curies":[{"name":"wp","href":"https:\/\/api.w.org\/{rel}","templated":true}]}}