{"id":456,"date":"2025-04-29T17:54:26","date_gmt":"2025-04-29T23:54:26","guid":{"rendered":"https:\/\/sillerobregon.art\/product\/equinoccio-de-primavera\/"},"modified":"2025-11-17T21:32:11","modified_gmt":"2025-11-18T03:32:11","slug":"equinoccio-de-primavera","status":"publish","type":"product","link":"https:\/\/sillerobregon.art\/fr\/product\/equinoccio-de-primavera\/","title":{"rendered":"\u00ab \u00c9quinoxe de printemps \u00bb"},"content":{"rendered":"<p>\u00c0 l&#039;\u00e9quinoxe de printemps, le soleil tombe directement sur l&#039;\u00e9quateur terrestre, la nature s&#039;est renouvel\u00e9e et la vie continue d&#039;\u00eatre pleine, trois danseurs dansent en signe de gratitude pour cet \u00e9v\u00e9nement<\/p>","protected":false},"excerpt":{"rendered":"<p>\u00c0 l&#039;\u00e9quinoxe de printemps, le soleil tombe directement sur l&#039;\u00e9quateur terrestre, la nature s&#039;est renouvel\u00e9e et la vie continue d&#039;\u00eatre pleine, trois danseurs dansent en signe de gratitude pour cet \u00e9v\u00e9nement<\/p>","protected":false},"featured_media":548,"comment_status":"open","ping_status":"closed","template":"","meta":[],"product_brand":[],"product_cat":[34],"product_tag":[],"class_list":{"0":"post-456","1":"product","2":"type-product","3":"status-publish","4":"has-post-thumbnail","6":"product_cat-neo-mexicanismo","8":"first","9":"instock","10":"taxable","11":"shipping-taxable","12":"purchasable","13":"product-type-simple"},"_links":{"self":[{"href":"https:\/\/sillerobregon.art\/fr\/wp-json\/wp\/v2\/product\/456","targetHints":{"allow":["GET"]}}],"collection":[{"href":"https:\/\/sillerobregon.art\/fr\/wp-json\/wp\/v2\/product"}],"about":[{"href":"https:\/\/sillerobregon.art\/fr\/wp-json\/wp\/v2\/types\/product"}],"replies":[{"embeddable":true,"href":"https:\/\/sillerobregon.art\/fr\/wp-json\/wp\/v2\/comments?post=456"}],"wp:featuredmedia":[{"embeddable":true,"href":"https:\/\/sillerobregon.art\/fr\/wp-json\/wp\/v2\/media\/548"}],"wp:attachment":[{"href":"https:\/\/sillerobregon.art\/fr\/wp-json\/wp\/v2\/media?parent=456"}],"wp:term":[{"taxonomy":"product_brand","embeddable":true,"href":"https:\/\/sillerobregon.art\/fr\/wp-json\/wp\/v2\/product_brand?post=456"},{"taxonomy":"product_cat","embeddable":true,"href":"https:\/\/sillerobregon.art\/fr\/wp-json\/wp\/v2\/product_cat?post=456"},{"taxonomy":"product_tag","embeddable":true,"href":"https:\/\/sillerobregon.art\/fr\/wp-json\/wp\/v2\/product_tag?post=456"}],"curies":[{"name":"wp","href":"https:\/\/api.w.org\/{rel}","templated":true}]}}