{"id":458,"date":"2025-04-29T17:54:27","date_gmt":"2025-04-29T23:54:27","guid":{"rendered":"https:\/\/sillerobregon.art\/product\/empireo\/"},"modified":"2025-12-12T21:22:39","modified_gmt":"2025-12-13T03:22:39","slug":"empireo","status":"publish","type":"product","link":"https:\/\/sillerobregon.art\/fr\/product\/empireo\/","title":{"rendered":"&quot;Empyr\u00e9e&quot;"},"content":{"rendered":"<p>Cette \u0153uvre \u00e9voque le divin, le c\u00e9leste, le paradisiaque. Sign\u00e9e de mani\u00e8re circulaire, elle a \u00e9t\u00e9 retouch\u00e9e lors de sa cr\u00e9ation en \u00e9tant plac\u00e9e selon les quatre axes logiques par rapport au haut et au bas d&#039;un tableau.<\/p>","protected":false},"excerpt":{"rendered":"<p>Cette \u0153uvre \u00e9voque le divin, le c\u00e9leste, le paradisiaque. Sign\u00e9e de mani\u00e8re circulaire, elle a \u00e9t\u00e9 retouch\u00e9e lors de sa cr\u00e9ation en \u00e9tant plac\u00e9e selon les quatre axes logiques par rapport au haut et au bas d&#039;un tableau.<\/p>","protected":false},"featured_media":546,"comment_status":"open","ping_status":"closed","template":"","meta":[],"product_brand":[],"product_cat":[54],"product_tag":[],"class_list":{"0":"post-458","1":"product","2":"type-product","3":"status-publish","4":"has-post-thumbnail","6":"product_cat-abstracto","8":"first","9":"instock","10":"sale","11":"taxable","12":"shipping-taxable","13":"purchasable","14":"product-type-simple"},"_links":{"self":[{"href":"https:\/\/sillerobregon.art\/fr\/wp-json\/wp\/v2\/product\/458","targetHints":{"allow":["GET"]}}],"collection":[{"href":"https:\/\/sillerobregon.art\/fr\/wp-json\/wp\/v2\/product"}],"about":[{"href":"https:\/\/sillerobregon.art\/fr\/wp-json\/wp\/v2\/types\/product"}],"replies":[{"embeddable":true,"href":"https:\/\/sillerobregon.art\/fr\/wp-json\/wp\/v2\/comments?post=458"}],"wp:featuredmedia":[{"embeddable":true,"href":"https:\/\/sillerobregon.art\/fr\/wp-json\/wp\/v2\/media\/546"}],"wp:attachment":[{"href":"https:\/\/sillerobregon.art\/fr\/wp-json\/wp\/v2\/media?parent=458"}],"wp:term":[{"taxonomy":"product_brand","embeddable":true,"href":"https:\/\/sillerobregon.art\/fr\/wp-json\/wp\/v2\/product_brand?post=458"},{"taxonomy":"product_cat","embeddable":true,"href":"https:\/\/sillerobregon.art\/fr\/wp-json\/wp\/v2\/product_cat?post=458"},{"taxonomy":"product_tag","embeddable":true,"href":"https:\/\/sillerobregon.art\/fr\/wp-json\/wp\/v2\/product_tag?post=458"}],"curies":[{"name":"wp","href":"https:\/\/api.w.org\/{rel}","templated":true}]}}