{"id":461,"date":"2025-04-29T17:54:27","date_gmt":"2025-04-29T23:54:27","guid":{"rendered":"https:\/\/sillerobregon.art\/product\/transformaciones\/"},"modified":"2025-11-17T21:27:47","modified_gmt":"2025-11-18T03:27:47","slug":"transformaciones","status":"publish","type":"product","link":"https:\/\/sillerobregon.art\/fr\/product\/transformaciones\/","title":{"rendered":"\u00ab Transformations \u00bb"},"content":{"rendered":"<p>Dans cette toile, nous voyons une \u00ab colombe de la paix \u00bb bless\u00e9e \u2013 peinte au premier plan \u2013 tandis qu\u2019\u00e0 l\u2019arri\u00e8re-plan, dans un d\u00e9cor onirique, des \u00eatres myst\u00e9rieux se transforment \u00e0 coups de pinceau magn\u00e9tiques.<\/p>","protected":false},"excerpt":{"rendered":"<p>Dans cette toile, nous voyons une \u00ab colombe de la paix \u00bb bless\u00e9e \u2013 peinte au premier plan \u2013 tandis qu\u2019\u00e0 l\u2019arri\u00e8re-plan, dans un d\u00e9cor onirique, des \u00eatres myst\u00e9rieux se transforment \u00e0 coups de pinceau magn\u00e9tiques.<\/p>","protected":false},"featured_media":543,"comment_status":"open","ping_status":"closed","template":"","meta":[],"product_brand":[],"product_cat":[36],"product_tag":[],"class_list":{"0":"post-461","1":"product","2":"type-product","3":"status-publish","4":"has-post-thumbnail","6":"product_cat-naif-fantastico","8":"first","9":"instock","10":"taxable","11":"shipping-taxable","12":"purchasable","13":"product-type-simple"},"_links":{"self":[{"href":"https:\/\/sillerobregon.art\/fr\/wp-json\/wp\/v2\/product\/461","targetHints":{"allow":["GET"]}}],"collection":[{"href":"https:\/\/sillerobregon.art\/fr\/wp-json\/wp\/v2\/product"}],"about":[{"href":"https:\/\/sillerobregon.art\/fr\/wp-json\/wp\/v2\/types\/product"}],"replies":[{"embeddable":true,"href":"https:\/\/sillerobregon.art\/fr\/wp-json\/wp\/v2\/comments?post=461"}],"wp:featuredmedia":[{"embeddable":true,"href":"https:\/\/sillerobregon.art\/fr\/wp-json\/wp\/v2\/media\/543"}],"wp:attachment":[{"href":"https:\/\/sillerobregon.art\/fr\/wp-json\/wp\/v2\/media?parent=461"}],"wp:term":[{"taxonomy":"product_brand","embeddable":true,"href":"https:\/\/sillerobregon.art\/fr\/wp-json\/wp\/v2\/product_brand?post=461"},{"taxonomy":"product_cat","embeddable":true,"href":"https:\/\/sillerobregon.art\/fr\/wp-json\/wp\/v2\/product_cat?post=461"},{"taxonomy":"product_tag","embeddable":true,"href":"https:\/\/sillerobregon.art\/fr\/wp-json\/wp\/v2\/product_tag?post=461"}],"curies":[{"name":"wp","href":"https:\/\/api.w.org\/{rel}","templated":true}]}}