{"id":463,"date":"2025-04-29T17:54:27","date_gmt":"2025-04-29T23:54:27","guid":{"rendered":"https:\/\/sillerobregon.art\/product\/sazon\/"},"modified":"2025-11-17T21:28:44","modified_gmt":"2025-11-18T03:28:44","slug":"sazon","status":"publish","type":"product","link":"https:\/\/sillerobregon.art\/fr\/product\/sazon\/","title":{"rendered":"&quot;Assaisonnement&quot;"},"content":{"rendered":"<p>Comme le titre l&#039;indique, ce tableau d\u00e9gage une atmosph\u00e8re imaginative, bas\u00e9e sur des couleurs vives et des contrastes simultan\u00e9s. Deux personnages sont \u00e0 d\u00e9couvrir.<\/p>","protected":false},"excerpt":{"rendered":"<p>Comme le titre l&#039;indique, ce tableau d\u00e9gage une atmosph\u00e8re imaginative, bas\u00e9e sur des couleurs vives et des contrastes simultan\u00e9s. Deux personnages sont \u00e0 d\u00e9couvrir.<\/p>","protected":false},"featured_media":541,"comment_status":"open","ping_status":"closed","template":"","meta":[],"product_brand":[],"product_cat":[20,54],"product_tag":[],"class_list":{"0":"post-463","1":"product","2":"type-product","3":"status-publish","4":"has-post-thumbnail","6":"product_cat-sin-categorizar","7":"product_cat-abstracto","9":"first","10":"instock","11":"taxable","12":"shipping-taxable","13":"purchasable","14":"product-type-simple"},"_links":{"self":[{"href":"https:\/\/sillerobregon.art\/fr\/wp-json\/wp\/v2\/product\/463","targetHints":{"allow":["GET"]}}],"collection":[{"href":"https:\/\/sillerobregon.art\/fr\/wp-json\/wp\/v2\/product"}],"about":[{"href":"https:\/\/sillerobregon.art\/fr\/wp-json\/wp\/v2\/types\/product"}],"replies":[{"embeddable":true,"href":"https:\/\/sillerobregon.art\/fr\/wp-json\/wp\/v2\/comments?post=463"}],"wp:featuredmedia":[{"embeddable":true,"href":"https:\/\/sillerobregon.art\/fr\/wp-json\/wp\/v2\/media\/541"}],"wp:attachment":[{"href":"https:\/\/sillerobregon.art\/fr\/wp-json\/wp\/v2\/media?parent=463"}],"wp:term":[{"taxonomy":"product_brand","embeddable":true,"href":"https:\/\/sillerobregon.art\/fr\/wp-json\/wp\/v2\/product_brand?post=463"},{"taxonomy":"product_cat","embeddable":true,"href":"https:\/\/sillerobregon.art\/fr\/wp-json\/wp\/v2\/product_cat?post=463"},{"taxonomy":"product_tag","embeddable":true,"href":"https:\/\/sillerobregon.art\/fr\/wp-json\/wp\/v2\/product_tag?post=463"}],"curies":[{"name":"wp","href":"https:\/\/api.w.org\/{rel}","templated":true}]}}