{"id":464,"date":"2025-04-29T17:54:27","date_gmt":"2025-04-29T23:54:27","guid":{"rendered":"https:\/\/sillerobregon.art\/product\/universo-paralelo\/"},"modified":"2025-11-17T21:29:04","modified_gmt":"2025-11-18T03:29:04","slug":"universo-paralelo","status":"publish","type":"product","link":"https:\/\/sillerobregon.art\/fr\/product\/universo-paralelo\/","title":{"rendered":"\u00ab Univers parall\u00e8le \u00bb"},"content":{"rendered":"<p>Un univers parall\u00e8le \u00e0 celui-ci d\u00e9note sa cr\u00e9ativit\u00e9 continue et d\u00e9bordante dans le fond et la forme.<\/p>","protected":false},"excerpt":{"rendered":"<p>Un univers parall\u00e8le \u00e0 celui-ci d\u00e9note sa cr\u00e9ativit\u00e9 continue et d\u00e9bordante dans le fond et la forme.<\/p>","protected":false},"featured_media":540,"comment_status":"open","ping_status":"closed","template":"","meta":[],"product_brand":[],"product_cat":[20],"product_tag":[],"class_list":{"0":"post-464","1":"product","2":"type-product","3":"status-publish","4":"has-post-thumbnail","6":"product_cat-sin-categorizar","8":"first","9":"instock","10":"taxable","11":"shipping-taxable","12":"purchasable","13":"product-type-simple"},"_links":{"self":[{"href":"https:\/\/sillerobregon.art\/fr\/wp-json\/wp\/v2\/product\/464","targetHints":{"allow":["GET"]}}],"collection":[{"href":"https:\/\/sillerobregon.art\/fr\/wp-json\/wp\/v2\/product"}],"about":[{"href":"https:\/\/sillerobregon.art\/fr\/wp-json\/wp\/v2\/types\/product"}],"replies":[{"embeddable":true,"href":"https:\/\/sillerobregon.art\/fr\/wp-json\/wp\/v2\/comments?post=464"}],"wp:featuredmedia":[{"embeddable":true,"href":"https:\/\/sillerobregon.art\/fr\/wp-json\/wp\/v2\/media\/540"}],"wp:attachment":[{"href":"https:\/\/sillerobregon.art\/fr\/wp-json\/wp\/v2\/media?parent=464"}],"wp:term":[{"taxonomy":"product_brand","embeddable":true,"href":"https:\/\/sillerobregon.art\/fr\/wp-json\/wp\/v2\/product_brand?post=464"},{"taxonomy":"product_cat","embeddable":true,"href":"https:\/\/sillerobregon.art\/fr\/wp-json\/wp\/v2\/product_cat?post=464"},{"taxonomy":"product_tag","embeddable":true,"href":"https:\/\/sillerobregon.art\/fr\/wp-json\/wp\/v2\/product_tag?post=464"}],"curies":[{"name":"wp","href":"https:\/\/api.w.org\/{rel}","templated":true}]}}