{"id":469,"date":"2025-04-29T17:54:28","date_gmt":"2025-04-29T23:54:28","guid":{"rendered":"https:\/\/sillerobregon.art\/product\/las-estacas-morelos\/"},"modified":"2025-11-17T21:22:05","modified_gmt":"2025-11-18T03:22:05","slug":"las-estacas-morelos","status":"publish","type":"product","link":"https:\/\/sillerobregon.art\/fr\/product\/las-estacas-morelos\/","title":{"rendered":"\u00ab Las Estacas, Morelos \u00bb"},"content":{"rendered":"<p>Ces travaux ont \u00e9t\u00e9 r\u00e9alis\u00e9s sur le site de la c\u00e9l\u00e8bre station thermale rustique de l&#039;\u00c9tat de Morelos, appel\u00e9e \u00ab Las Estacas \u00bb, o\u00f9 l&#039;eau jaillit en abondance tout au long de l&#039;ann\u00e9e.<\/p>","protected":false},"excerpt":{"rendered":"<p>Ces travaux ont \u00e9t\u00e9 r\u00e9alis\u00e9s sur le site de la c\u00e9l\u00e8bre station thermale rustique de l&#039;\u00c9tat de Morelos, appel\u00e9e \u00ab Las Estacas \u00bb, o\u00f9 l&#039;eau jaillit en abondance tout au long de l&#039;ann\u00e9e.<\/p>","protected":false},"featured_media":535,"comment_status":"open","ping_status":"closed","template":"","meta":[],"product_brand":[],"product_cat":[31],"product_tag":[],"class_list":{"0":"post-469","1":"product","2":"type-product","3":"status-publish","4":"has-post-thumbnail","6":"product_cat-paisaje-mexicano","8":"first","9":"instock","10":"taxable","11":"shipping-taxable","12":"purchasable","13":"product-type-simple"},"_links":{"self":[{"href":"https:\/\/sillerobregon.art\/fr\/wp-json\/wp\/v2\/product\/469","targetHints":{"allow":["GET"]}}],"collection":[{"href":"https:\/\/sillerobregon.art\/fr\/wp-json\/wp\/v2\/product"}],"about":[{"href":"https:\/\/sillerobregon.art\/fr\/wp-json\/wp\/v2\/types\/product"}],"replies":[{"embeddable":true,"href":"https:\/\/sillerobregon.art\/fr\/wp-json\/wp\/v2\/comments?post=469"}],"wp:featuredmedia":[{"embeddable":true,"href":"https:\/\/sillerobregon.art\/fr\/wp-json\/wp\/v2\/media\/535"}],"wp:attachment":[{"href":"https:\/\/sillerobregon.art\/fr\/wp-json\/wp\/v2\/media?parent=469"}],"wp:term":[{"taxonomy":"product_brand","embeddable":true,"href":"https:\/\/sillerobregon.art\/fr\/wp-json\/wp\/v2\/product_brand?post=469"},{"taxonomy":"product_cat","embeddable":true,"href":"https:\/\/sillerobregon.art\/fr\/wp-json\/wp\/v2\/product_cat?post=469"},{"taxonomy":"product_tag","embeddable":true,"href":"https:\/\/sillerobregon.art\/fr\/wp-json\/wp\/v2\/product_tag?post=469"}],"curies":[{"name":"wp","href":"https:\/\/api.w.org\/{rel}","templated":true}]}}