{"id":471,"date":"2025-04-29T17:54:28","date_gmt":"2025-04-29T23:54:28","guid":{"rendered":"https:\/\/sillerobregon.art\/product\/sonando-en-zicatela\/"},"modified":"2025-11-17T21:24:49","modified_gmt":"2025-11-18T03:24:49","slug":"sonando-en-zicatela","status":"publish","type":"product","link":"https:\/\/sillerobregon.art\/fr\/product\/sonando-en-zicatela\/","title":{"rendered":"\u00ab R\u00eaver \u00e0 Zicatela \u00bb"},"content":{"rendered":"<p>Vue de la plage de Zicatela, avec les bateaux des p\u00eacheurs, qu&#039;ils sortent de la mer apr\u00e8s avoir termin\u00e9 leur travail... Au premier plan, une \u00e9trange structure ou sculpture imagin\u00e9e la nuit pr\u00e9c\u00e9dente par l&#039;auteur de ce tableau.<\/p>","protected":false},"excerpt":{"rendered":"<p>Vue de la plage de Zicatela, avec les bateaux des p\u00eacheurs, qu&#039;ils sortent de la mer apr\u00e8s avoir termin\u00e9 leur travail... Au premier plan, une \u00e9trange structure ou sculpture imagin\u00e9e la nuit pr\u00e9c\u00e9dente par l&#039;auteur de ce tableau.<\/p>","protected":false},"featured_media":533,"comment_status":"open","ping_status":"closed","template":"","meta":[],"product_brand":[],"product_cat":[31],"product_tag":[],"class_list":{"0":"post-471","1":"product","2":"type-product","3":"status-publish","4":"has-post-thumbnail","6":"product_cat-paisaje-mexicano","8":"first","9":"instock","10":"sale","11":"taxable","12":"shipping-taxable","13":"purchasable","14":"product-type-simple"},"_links":{"self":[{"href":"https:\/\/sillerobregon.art\/fr\/wp-json\/wp\/v2\/product\/471","targetHints":{"allow":["GET"]}}],"collection":[{"href":"https:\/\/sillerobregon.art\/fr\/wp-json\/wp\/v2\/product"}],"about":[{"href":"https:\/\/sillerobregon.art\/fr\/wp-json\/wp\/v2\/types\/product"}],"replies":[{"embeddable":true,"href":"https:\/\/sillerobregon.art\/fr\/wp-json\/wp\/v2\/comments?post=471"}],"wp:featuredmedia":[{"embeddable":true,"href":"https:\/\/sillerobregon.art\/fr\/wp-json\/wp\/v2\/media\/533"}],"wp:attachment":[{"href":"https:\/\/sillerobregon.art\/fr\/wp-json\/wp\/v2\/media?parent=471"}],"wp:term":[{"taxonomy":"product_brand","embeddable":true,"href":"https:\/\/sillerobregon.art\/fr\/wp-json\/wp\/v2\/product_brand?post=471"},{"taxonomy":"product_cat","embeddable":true,"href":"https:\/\/sillerobregon.art\/fr\/wp-json\/wp\/v2\/product_cat?post=471"},{"taxonomy":"product_tag","embeddable":true,"href":"https:\/\/sillerobregon.art\/fr\/wp-json\/wp\/v2\/product_tag?post=471"}],"curies":[{"name":"wp","href":"https:\/\/api.w.org\/{rel}","templated":true}]}}