{"id":472,"date":"2025-04-29T17:54:29","date_gmt":"2025-04-29T23:54:29","guid":{"rendered":"https:\/\/sillerobregon.art\/product\/cintilla-y-trastes\/"},"modified":"2025-11-17T21:14:13","modified_gmt":"2025-11-18T03:14:13","slug":"cintilla-y-trastes","status":"publish","type":"product","link":"https:\/\/sillerobregon.art\/fr\/product\/cintilla-y-trastes\/","title":{"rendered":"\u00ab Ruban et frettes \u00bb"},"content":{"rendered":"<p>Un long poisson appel\u00e9 \u00ab Cintilla \u00bb est suspendu \u00e0 c\u00f4t\u00e9 d\u2019une po\u00eale \u00e0 frire, d\u2019un couteau et d\u2019une cuill\u00e8re en bois dans un coin d\u2019une cuisine.<\/p>","protected":false},"excerpt":{"rendered":"<p>Un long poisson appel\u00e9 \u00ab Cintilla \u00bb est suspendu \u00e0 c\u00f4t\u00e9 d\u2019une po\u00eale \u00e0 frire, d\u2019un couteau et d\u2019une cuill\u00e8re en bois dans un coin d\u2019une cuisine.<\/p>","protected":false},"featured_media":532,"comment_status":"open","ping_status":"closed","template":"","meta":[],"product_brand":[],"product_cat":[38],"product_tag":[],"class_list":{"0":"post-472","1":"product","2":"type-product","3":"status-publish","4":"has-post-thumbnail","6":"product_cat-bodegon","8":"first","9":"instock","10":"taxable","11":"shipping-taxable","12":"purchasable","13":"product-type-simple"},"_links":{"self":[{"href":"https:\/\/sillerobregon.art\/fr\/wp-json\/wp\/v2\/product\/472","targetHints":{"allow":["GET"]}}],"collection":[{"href":"https:\/\/sillerobregon.art\/fr\/wp-json\/wp\/v2\/product"}],"about":[{"href":"https:\/\/sillerobregon.art\/fr\/wp-json\/wp\/v2\/types\/product"}],"replies":[{"embeddable":true,"href":"https:\/\/sillerobregon.art\/fr\/wp-json\/wp\/v2\/comments?post=472"}],"wp:featuredmedia":[{"embeddable":true,"href":"https:\/\/sillerobregon.art\/fr\/wp-json\/wp\/v2\/media\/532"}],"wp:attachment":[{"href":"https:\/\/sillerobregon.art\/fr\/wp-json\/wp\/v2\/media?parent=472"}],"wp:term":[{"taxonomy":"product_brand","embeddable":true,"href":"https:\/\/sillerobregon.art\/fr\/wp-json\/wp\/v2\/product_brand?post=472"},{"taxonomy":"product_cat","embeddable":true,"href":"https:\/\/sillerobregon.art\/fr\/wp-json\/wp\/v2\/product_cat?post=472"},{"taxonomy":"product_tag","embeddable":true,"href":"https:\/\/sillerobregon.art\/fr\/wp-json\/wp\/v2\/product_tag?post=472"}],"curies":[{"name":"wp","href":"https:\/\/api.w.org\/{rel}","templated":true}]}}