{"id":473,"date":"2025-04-29T17:54:29","date_gmt":"2025-04-29T23:54:29","guid":{"rendered":"https:\/\/sillerobregon.art\/product\/repeticiones\/"},"modified":"2025-11-17T21:14:49","modified_gmt":"2025-11-18T03:14:49","slug":"repeticiones","status":"publish","type":"product","link":"https:\/\/sillerobregon.art\/fr\/product\/repeticiones\/","title":{"rendered":"\u00ab R\u00e9p\u00e9titions \u00bb"},"content":{"rendered":"<p>Des visages humains \u00e0 c\u00f4t\u00e9 d&#039;animaux mythiques, la nuit d&#039;un c\u00f4t\u00e9 et le jour de l&#039;autre, des pieds et des mains, un genre f\u00e9minin et un genre masculin, entre autres motifs peints dans cette \u0153uvre.<\/p>","protected":false},"excerpt":{"rendered":"<p>Des visages humains \u00e0 c\u00f4t\u00e9 d&#039;animaux mythiques, la nuit d&#039;un c\u00f4t\u00e9 et le jour de l&#039;autre, des pieds et des mains, un genre f\u00e9minin et un genre masculin, entre autres motifs peints dans cette \u0153uvre.<\/p>","protected":false},"featured_media":531,"comment_status":"open","ping_status":"closed","template":"","meta":[],"product_brand":[],"product_cat":[34],"product_tag":[],"class_list":{"0":"post-473","1":"product","2":"type-product","3":"status-publish","4":"has-post-thumbnail","6":"product_cat-neo-mexicanismo","8":"first","9":"instock","10":"taxable","11":"shipping-taxable","12":"purchasable","13":"product-type-simple"},"_links":{"self":[{"href":"https:\/\/sillerobregon.art\/fr\/wp-json\/wp\/v2\/product\/473","targetHints":{"allow":["GET"]}}],"collection":[{"href":"https:\/\/sillerobregon.art\/fr\/wp-json\/wp\/v2\/product"}],"about":[{"href":"https:\/\/sillerobregon.art\/fr\/wp-json\/wp\/v2\/types\/product"}],"replies":[{"embeddable":true,"href":"https:\/\/sillerobregon.art\/fr\/wp-json\/wp\/v2\/comments?post=473"}],"wp:featuredmedia":[{"embeddable":true,"href":"https:\/\/sillerobregon.art\/fr\/wp-json\/wp\/v2\/media\/531"}],"wp:attachment":[{"href":"https:\/\/sillerobregon.art\/fr\/wp-json\/wp\/v2\/media?parent=473"}],"wp:term":[{"taxonomy":"product_brand","embeddable":true,"href":"https:\/\/sillerobregon.art\/fr\/wp-json\/wp\/v2\/product_brand?post=473"},{"taxonomy":"product_cat","embeddable":true,"href":"https:\/\/sillerobregon.art\/fr\/wp-json\/wp\/v2\/product_cat?post=473"},{"taxonomy":"product_tag","embeddable":true,"href":"https:\/\/sillerobregon.art\/fr\/wp-json\/wp\/v2\/product_tag?post=473"}],"curies":[{"name":"wp","href":"https:\/\/api.w.org\/{rel}","templated":true}]}}