{"id":474,"date":"2025-04-29T17:54:29","date_gmt":"2025-04-29T23:54:29","guid":{"rendered":"https:\/\/sillerobregon.art\/product\/hibridacion\/"},"modified":"2025-12-11T19:59:49","modified_gmt":"2025-12-12T01:59:49","slug":"hibridacion","status":"publish","type":"product","link":"https:\/\/sillerobregon.art\/fr\/product\/hibridacion\/","title":{"rendered":"&quot;Hybridation&quot;"},"content":{"rendered":"<p>Se r\u00e9f\u00e9rant \u00e0 ce qu&#039;on appelle en chimie l&#039;hybridation, qui est l&#039;interaction des orbitales atomiques au sein d&#039;un atome<\/p>","protected":false},"excerpt":{"rendered":"<p>Se r\u00e9f\u00e9rant \u00e0 ce qu&#039;on appelle en chimie l&#039;hybridation, qui est l&#039;interaction des orbitales atomiques au sein d&#039;un atome<\/p>","protected":false},"featured_media":530,"comment_status":"open","ping_status":"closed","template":"","meta":[],"product_brand":[],"product_cat":[35],"product_tag":[],"class_list":{"0":"post-474","1":"product","2":"type-product","3":"status-publish","4":"has-post-thumbnail","6":"product_cat-abstracto-figurativo","8":"first","9":"instock","10":"taxable","11":"shipping-taxable","12":"purchasable","13":"product-type-simple"},"_links":{"self":[{"href":"https:\/\/sillerobregon.art\/fr\/wp-json\/wp\/v2\/product\/474","targetHints":{"allow":["GET"]}}],"collection":[{"href":"https:\/\/sillerobregon.art\/fr\/wp-json\/wp\/v2\/product"}],"about":[{"href":"https:\/\/sillerobregon.art\/fr\/wp-json\/wp\/v2\/types\/product"}],"replies":[{"embeddable":true,"href":"https:\/\/sillerobregon.art\/fr\/wp-json\/wp\/v2\/comments?post=474"}],"wp:featuredmedia":[{"embeddable":true,"href":"https:\/\/sillerobregon.art\/fr\/wp-json\/wp\/v2\/media\/530"}],"wp:attachment":[{"href":"https:\/\/sillerobregon.art\/fr\/wp-json\/wp\/v2\/media?parent=474"}],"wp:term":[{"taxonomy":"product_brand","embeddable":true,"href":"https:\/\/sillerobregon.art\/fr\/wp-json\/wp\/v2\/product_brand?post=474"},{"taxonomy":"product_cat","embeddable":true,"href":"https:\/\/sillerobregon.art\/fr\/wp-json\/wp\/v2\/product_cat?post=474"},{"taxonomy":"product_tag","embeddable":true,"href":"https:\/\/sillerobregon.art\/fr\/wp-json\/wp\/v2\/product_tag?post=474"}],"curies":[{"name":"wp","href":"https:\/\/api.w.org\/{rel}","templated":true}]}}