{"id":476,"date":"2025-04-29T17:54:29","date_gmt":"2025-04-29T23:54:29","guid":{"rendered":"https:\/\/sillerobregon.art\/product\/reproduccion\/"},"modified":"2025-11-17T21:17:03","modified_gmt":"2025-11-18T03:17:03","slug":"reproduccion","status":"publish","type":"product","link":"https:\/\/sillerobregon.art\/fr\/product\/reproduccion\/","title":{"rendered":"&quot;Reproduction&quot;"},"content":{"rendered":"<p>Dans le tableau intitul\u00e9 Reproduction, une palette de couleurs vives se d\u00e9ploie au premier plan, repr\u00e9sentant des visages, une main, un oiseau et un corps de femme. \u00c0 l&#039;arri\u00e8re-plan, un univers \u00e9toil\u00e9 appara\u00eet.<\/p>","protected":false},"excerpt":{"rendered":"<p>Dans le tableau intitul\u00e9 Reproduction, une palette de couleurs vives se d\u00e9ploie au premier plan, repr\u00e9sentant des visages, une main, un oiseau et un corps de femme. \u00c0 l&#039;arri\u00e8re-plan, un univers \u00e9toil\u00e9 appara\u00eet.<\/p>","protected":false},"featured_media":528,"comment_status":"open","ping_status":"closed","template":"","meta":[],"product_brand":[],"product_cat":[35],"product_tag":[],"class_list":{"0":"post-476","1":"product","2":"type-product","3":"status-publish","4":"has-post-thumbnail","6":"product_cat-abstracto-figurativo","8":"first","9":"instock","10":"taxable","11":"shipping-taxable","12":"purchasable","13":"product-type-simple"},"_links":{"self":[{"href":"https:\/\/sillerobregon.art\/fr\/wp-json\/wp\/v2\/product\/476","targetHints":{"allow":["GET"]}}],"collection":[{"href":"https:\/\/sillerobregon.art\/fr\/wp-json\/wp\/v2\/product"}],"about":[{"href":"https:\/\/sillerobregon.art\/fr\/wp-json\/wp\/v2\/types\/product"}],"replies":[{"embeddable":true,"href":"https:\/\/sillerobregon.art\/fr\/wp-json\/wp\/v2\/comments?post=476"}],"wp:featuredmedia":[{"embeddable":true,"href":"https:\/\/sillerobregon.art\/fr\/wp-json\/wp\/v2\/media\/528"}],"wp:attachment":[{"href":"https:\/\/sillerobregon.art\/fr\/wp-json\/wp\/v2\/media?parent=476"}],"wp:term":[{"taxonomy":"product_brand","embeddable":true,"href":"https:\/\/sillerobregon.art\/fr\/wp-json\/wp\/v2\/product_brand?post=476"},{"taxonomy":"product_cat","embeddable":true,"href":"https:\/\/sillerobregon.art\/fr\/wp-json\/wp\/v2\/product_cat?post=476"},{"taxonomy":"product_tag","embeddable":true,"href":"https:\/\/sillerobregon.art\/fr\/wp-json\/wp\/v2\/product_tag?post=476"}],"curies":[{"name":"wp","href":"https:\/\/api.w.org\/{rel}","templated":true}]}}