{"id":477,"date":"2025-04-29T17:54:29","date_gmt":"2025-04-29T23:54:29","guid":{"rendered":"https:\/\/sillerobregon.art\/product\/arquitectonica\/"},"modified":"2025-11-17T21:17:24","modified_gmt":"2025-11-18T03:17:24","slug":"arquitectonica","status":"publish","type":"product","link":"https:\/\/sillerobregon.art\/fr\/product\/arquitectonica\/","title":{"rendered":"&quot;Architectural&quot;"},"content":{"rendered":"<p>Dans cette \u0153uvre, comme son nom l&#039;indique, on retrouve divers \u00e9l\u00e9ments et dessins architecturaux, ainsi qu&#039;une tranche de past\u00e8que aux couleurs assorties \u00e0 celles du drapeau mexicain.<\/p>","protected":false},"excerpt":{"rendered":"<p>En esta obra c\u00f3mo su nombre lo dice, hay varios elementos y dise\u00f1os arquitect\u00f3nicos, como tambi\u00e9n una rebanada de sand\u00eda con sus colores iguales a los de la bandera mexicana.<\/p>","protected":false},"featured_media":527,"comment_status":"open","ping_status":"closed","template":"","meta":[],"product_brand":[],"product_cat":[35],"product_tag":[],"class_list":{"0":"post-477","1":"product","2":"type-product","3":"status-publish","4":"has-post-thumbnail","6":"product_cat-abstracto-figurativo","8":"first","9":"instock","10":"taxable","11":"shipping-taxable","12":"purchasable","13":"product-type-simple"},"_links":{"self":[{"href":"https:\/\/sillerobregon.art\/fr\/wp-json\/wp\/v2\/product\/477","targetHints":{"allow":["GET"]}}],"collection":[{"href":"https:\/\/sillerobregon.art\/fr\/wp-json\/wp\/v2\/product"}],"about":[{"href":"https:\/\/sillerobregon.art\/fr\/wp-json\/wp\/v2\/types\/product"}],"replies":[{"embeddable":true,"href":"https:\/\/sillerobregon.art\/fr\/wp-json\/wp\/v2\/comments?post=477"}],"wp:featuredmedia":[{"embeddable":true,"href":"https:\/\/sillerobregon.art\/fr\/wp-json\/wp\/v2\/media\/527"}],"wp:attachment":[{"href":"https:\/\/sillerobregon.art\/fr\/wp-json\/wp\/v2\/media?parent=477"}],"wp:term":[{"taxonomy":"product_brand","embeddable":true,"href":"https:\/\/sillerobregon.art\/fr\/wp-json\/wp\/v2\/product_brand?post=477"},{"taxonomy":"product_cat","embeddable":true,"href":"https:\/\/sillerobregon.art\/fr\/wp-json\/wp\/v2\/product_cat?post=477"},{"taxonomy":"product_tag","embeddable":true,"href":"https:\/\/sillerobregon.art\/fr\/wp-json\/wp\/v2\/product_tag?post=477"}],"curies":[{"name":"wp","href":"https:\/\/api.w.org\/{rel}","templated":true}]}}