{"id":481,"date":"2025-04-29T17:54:30","date_gmt":"2025-04-29T23:54:30","guid":{"rendered":"https:\/\/sillerobregon.art\/product\/observador\/"},"modified":"2025-11-17T21:08:33","modified_gmt":"2025-11-18T03:08:33","slug":"observador","status":"publish","type":"product","link":"https:\/\/sillerobregon.art\/fr\/product\/observador\/","title":{"rendered":"&quot;Observateur&quot;"},"content":{"rendered":"<p>Une \u0153uvre quelque peu \u00e9nigmatique au go\u00fbt de myst\u00e8re, dans le feuillage \u00e9pais, des yeux qui ne sont certainement pas humains, observent le spectateur.<\/p>","protected":false},"excerpt":{"rendered":"<p>Une \u0153uvre quelque peu \u00e9nigmatique au go\u00fbt de myst\u00e8re, dans le feuillage \u00e9pais, des yeux qui ne sont certainement pas humains, observent le spectateur.<\/p>","protected":false},"featured_media":515,"comment_status":"open","ping_status":"closed","template":"","meta":[],"product_brand":[],"product_cat":[31],"product_tag":[],"class_list":{"0":"post-481","1":"product","2":"type-product","3":"status-publish","4":"has-post-thumbnail","6":"product_cat-paisaje-mexicano","8":"first","9":"instock","10":"sale","11":"taxable","12":"shipping-taxable","13":"purchasable","14":"product-type-simple"},"_links":{"self":[{"href":"https:\/\/sillerobregon.art\/fr\/wp-json\/wp\/v2\/product\/481","targetHints":{"allow":["GET"]}}],"collection":[{"href":"https:\/\/sillerobregon.art\/fr\/wp-json\/wp\/v2\/product"}],"about":[{"href":"https:\/\/sillerobregon.art\/fr\/wp-json\/wp\/v2\/types\/product"}],"replies":[{"embeddable":true,"href":"https:\/\/sillerobregon.art\/fr\/wp-json\/wp\/v2\/comments?post=481"}],"wp:featuredmedia":[{"embeddable":true,"href":"https:\/\/sillerobregon.art\/fr\/wp-json\/wp\/v2\/media\/515"}],"wp:attachment":[{"href":"https:\/\/sillerobregon.art\/fr\/wp-json\/wp\/v2\/media?parent=481"}],"wp:term":[{"taxonomy":"product_brand","embeddable":true,"href":"https:\/\/sillerobregon.art\/fr\/wp-json\/wp\/v2\/product_brand?post=481"},{"taxonomy":"product_cat","embeddable":true,"href":"https:\/\/sillerobregon.art\/fr\/wp-json\/wp\/v2\/product_cat?post=481"},{"taxonomy":"product_tag","embeddable":true,"href":"https:\/\/sillerobregon.art\/fr\/wp-json\/wp\/v2\/product_tag?post=481"}],"curies":[{"name":"wp","href":"https:\/\/api.w.org\/{rel}","templated":true}]}}