{"id":486,"date":"2025-04-29T17:54:30","date_gmt":"2025-04-29T23:54:30","guid":{"rendered":"https:\/\/sillerobregon.art\/product\/el-corrido-de-las-calacas\/"},"modified":"2025-11-17T21:13:08","modified_gmt":"2025-11-18T03:13:08","slug":"el-corrido-de-las-calacas","status":"publish","type":"product","link":"https:\/\/sillerobregon.art\/fr\/product\/el-corrido-de-las-calacas\/","title":{"rendered":"\u00ab La Ballade des Cr\u00e2nes \u00bb"},"content":{"rendered":"<p>Avec un th\u00e8me classique de la p\u00e9riode n\u00e9o-mexicaine, des cr\u00e2nes de calaveras chantant un corrido accompagn\u00e9s de guitares et de trompette.<\/p>","protected":false},"excerpt":{"rendered":"<p>Avec un th\u00e8me classique de la p\u00e9riode n\u00e9o-mexicaine, des cr\u00e2nes de calaveras chantant un corrido accompagn\u00e9s de guitares et de trompette.<\/p>","protected":false},"featured_media":519,"comment_status":"open","ping_status":"closed","template":"","meta":[],"product_brand":[],"product_cat":[34],"product_tag":[],"class_list":{"0":"post-486","1":"product","2":"type-product","3":"status-publish","4":"has-post-thumbnail","6":"product_cat-neo-mexicanismo","8":"first","9":"instock","10":"sale","11":"taxable","12":"shipping-taxable","13":"purchasable","14":"product-type-simple"},"_links":{"self":[{"href":"https:\/\/sillerobregon.art\/fr\/wp-json\/wp\/v2\/product\/486","targetHints":{"allow":["GET"]}}],"collection":[{"href":"https:\/\/sillerobregon.art\/fr\/wp-json\/wp\/v2\/product"}],"about":[{"href":"https:\/\/sillerobregon.art\/fr\/wp-json\/wp\/v2\/types\/product"}],"replies":[{"embeddable":true,"href":"https:\/\/sillerobregon.art\/fr\/wp-json\/wp\/v2\/comments?post=486"}],"wp:featuredmedia":[{"embeddable":true,"href":"https:\/\/sillerobregon.art\/fr\/wp-json\/wp\/v2\/media\/519"}],"wp:attachment":[{"href":"https:\/\/sillerobregon.art\/fr\/wp-json\/wp\/v2\/media?parent=486"}],"wp:term":[{"taxonomy":"product_brand","embeddable":true,"href":"https:\/\/sillerobregon.art\/fr\/wp-json\/wp\/v2\/product_brand?post=486"},{"taxonomy":"product_cat","embeddable":true,"href":"https:\/\/sillerobregon.art\/fr\/wp-json\/wp\/v2\/product_cat?post=486"},{"taxonomy":"product_tag","embeddable":true,"href":"https:\/\/sillerobregon.art\/fr\/wp-json\/wp\/v2\/product_tag?post=486"}],"curies":[{"name":"wp","href":"https:\/\/api.w.org\/{rel}","templated":true}]}}