{"id":488,"date":"2025-04-29T17:54:31","date_gmt":"2025-04-29T23:54:31","guid":{"rendered":"https:\/\/sillerobregon.art\/product\/la-casa-del-aguila\/"},"modified":"2025-11-17T21:03:49","modified_gmt":"2025-11-18T03:03:49","slug":"la-casa-del-aguila","status":"publish","type":"product","link":"https:\/\/sillerobregon.art\/fr\/product\/la-casa-del-aguila\/","title":{"rendered":"\u00ab La Maison de l&#039;Aigle \u00bb"},"content":{"rendered":"<p>Un aigle comme symbole de hauteurs, de pens\u00e9es \u00e9lev\u00e9es et de sentiments purs et sup\u00e9rieurs, qui contribuent \u00e0 cr\u00e9er une meilleure culture et un meilleur humanisme.<\/p>","protected":false},"excerpt":{"rendered":"<p>Un aigle comme symbole de hauteurs, de pens\u00e9es \u00e9lev\u00e9es et de sentiments purs et sup\u00e9rieurs, qui contribuent \u00e0 cr\u00e9er une meilleure culture et un meilleur humanisme.<\/p>","protected":false},"featured_media":513,"comment_status":"open","ping_status":"closed","template":"","meta":[],"product_brand":[],"product_cat":[35],"product_tag":[],"class_list":{"0":"post-488","1":"product","2":"type-product","3":"status-publish","4":"has-post-thumbnail","6":"product_cat-abstracto-figurativo","8":"first","9":"instock","10":"taxable","11":"shipping-taxable","12":"purchasable","13":"product-type-simple"},"_links":{"self":[{"href":"https:\/\/sillerobregon.art\/fr\/wp-json\/wp\/v2\/product\/488","targetHints":{"allow":["GET"]}}],"collection":[{"href":"https:\/\/sillerobregon.art\/fr\/wp-json\/wp\/v2\/product"}],"about":[{"href":"https:\/\/sillerobregon.art\/fr\/wp-json\/wp\/v2\/types\/product"}],"replies":[{"embeddable":true,"href":"https:\/\/sillerobregon.art\/fr\/wp-json\/wp\/v2\/comments?post=488"}],"wp:featuredmedia":[{"embeddable":true,"href":"https:\/\/sillerobregon.art\/fr\/wp-json\/wp\/v2\/media\/513"}],"wp:attachment":[{"href":"https:\/\/sillerobregon.art\/fr\/wp-json\/wp\/v2\/media?parent=488"}],"wp:term":[{"taxonomy":"product_brand","embeddable":true,"href":"https:\/\/sillerobregon.art\/fr\/wp-json\/wp\/v2\/product_brand?post=488"},{"taxonomy":"product_cat","embeddable":true,"href":"https:\/\/sillerobregon.art\/fr\/wp-json\/wp\/v2\/product_cat?post=488"},{"taxonomy":"product_tag","embeddable":true,"href":"https:\/\/sillerobregon.art\/fr\/wp-json\/wp\/v2\/product_tag?post=488"}],"curies":[{"name":"wp","href":"https:\/\/api.w.org\/{rel}","templated":true}]}}