{"id":495,"date":"2025-04-29T17:54:32","date_gmt":"2025-04-29T23:54:32","guid":{"rendered":"https:\/\/sillerobregon.art\/product\/mesa-espacial\/"},"modified":"2025-12-11T19:34:20","modified_gmt":"2025-12-12T01:34:20","slug":"mesa-espacial","status":"publish","type":"product","link":"https:\/\/sillerobregon.art\/fr\/product\/mesa-espacial\/","title":{"rendered":"\u00abTable de l&#039;espace\u00bb"},"content":{"rendered":"<p>Une table avec un \u00e9trange cactus, une cruche et des fruits entre autres, semble flotter dans un univers plein de lumi\u00e8res et d&#039;\u00e9nergies visibles.<\/p>","protected":false},"excerpt":{"rendered":"<p>Une table avec un \u00e9trange cactus, une cruche et des fruits entre autres, semble flotter dans un univers plein de lumi\u00e8res et d&#039;\u00e9nergies visibles.<\/p>","protected":false},"featured_media":507,"comment_status":"open","ping_status":"closed","template":"","meta":[],"product_brand":[],"product_cat":[38],"product_tag":[],"class_list":{"0":"post-495","1":"product","2":"type-product","3":"status-publish","4":"has-post-thumbnail","6":"product_cat-bodegon","8":"first","9":"instock","10":"sale","11":"taxable","12":"shipping-taxable","13":"purchasable","14":"product-type-simple"},"_links":{"self":[{"href":"https:\/\/sillerobregon.art\/fr\/wp-json\/wp\/v2\/product\/495","targetHints":{"allow":["GET"]}}],"collection":[{"href":"https:\/\/sillerobregon.art\/fr\/wp-json\/wp\/v2\/product"}],"about":[{"href":"https:\/\/sillerobregon.art\/fr\/wp-json\/wp\/v2\/types\/product"}],"replies":[{"embeddable":true,"href":"https:\/\/sillerobregon.art\/fr\/wp-json\/wp\/v2\/comments?post=495"}],"wp:featuredmedia":[{"embeddable":true,"href":"https:\/\/sillerobregon.art\/fr\/wp-json\/wp\/v2\/media\/507"}],"wp:attachment":[{"href":"https:\/\/sillerobregon.art\/fr\/wp-json\/wp\/v2\/media?parent=495"}],"wp:term":[{"taxonomy":"product_brand","embeddable":true,"href":"https:\/\/sillerobregon.art\/fr\/wp-json\/wp\/v2\/product_brand?post=495"},{"taxonomy":"product_cat","embeddable":true,"href":"https:\/\/sillerobregon.art\/fr\/wp-json\/wp\/v2\/product_cat?post=495"},{"taxonomy":"product_tag","embeddable":true,"href":"https:\/\/sillerobregon.art\/fr\/wp-json\/wp\/v2\/product_tag?post=495"}],"curies":[{"name":"wp","href":"https:\/\/api.w.org\/{rel}","templated":true}]}}