{"id":496,"date":"2025-04-29T17:54:32","date_gmt":"2025-04-29T23:54:32","guid":{"rendered":"https:\/\/sillerobregon.art\/product\/entre-cometas\/"},"modified":"2025-12-11T19:37:44","modified_gmt":"2025-12-12T01:37:44","slug":"entre-cometas","status":"publish","type":"product","link":"https:\/\/sillerobregon.art\/fr\/product\/entre-cometas\/","title":{"rendered":"\u00ab Entre les com\u00e8tes \u00bb"},"content":{"rendered":"<p>Des formations color\u00e9es et des surprises s&#039;accumulent et se s\u00e9parent dans un jeu rythmique pictural, pr\u00e9sent\u00e9 dans un espace ext\u00e9rieur.<\/p>","protected":false},"excerpt":{"rendered":"<p>Des formations color\u00e9es et des surprises s&#039;accumulent et se s\u00e9parent dans un jeu rythmique pictural, pr\u00e9sent\u00e9 dans un espace ext\u00e9rieur.<\/p>","protected":false},"featured_media":506,"comment_status":"open","ping_status":"closed","template":"","meta":[],"product_brand":[],"product_cat":[35],"product_tag":[],"class_list":{"0":"post-496","1":"product","2":"type-product","3":"status-publish","4":"has-post-thumbnail","6":"product_cat-abstracto-figurativo","8":"first","9":"instock","10":"sale","11":"taxable","12":"shipping-taxable","13":"purchasable","14":"product-type-simple"},"_links":{"self":[{"href":"https:\/\/sillerobregon.art\/fr\/wp-json\/wp\/v2\/product\/496","targetHints":{"allow":["GET"]}}],"collection":[{"href":"https:\/\/sillerobregon.art\/fr\/wp-json\/wp\/v2\/product"}],"about":[{"href":"https:\/\/sillerobregon.art\/fr\/wp-json\/wp\/v2\/types\/product"}],"replies":[{"embeddable":true,"href":"https:\/\/sillerobregon.art\/fr\/wp-json\/wp\/v2\/comments?post=496"}],"wp:featuredmedia":[{"embeddable":true,"href":"https:\/\/sillerobregon.art\/fr\/wp-json\/wp\/v2\/media\/506"}],"wp:attachment":[{"href":"https:\/\/sillerobregon.art\/fr\/wp-json\/wp\/v2\/media?parent=496"}],"wp:term":[{"taxonomy":"product_brand","embeddable":true,"href":"https:\/\/sillerobregon.art\/fr\/wp-json\/wp\/v2\/product_brand?post=496"},{"taxonomy":"product_cat","embeddable":true,"href":"https:\/\/sillerobregon.art\/fr\/wp-json\/wp\/v2\/product_cat?post=496"},{"taxonomy":"product_tag","embeddable":true,"href":"https:\/\/sillerobregon.art\/fr\/wp-json\/wp\/v2\/product_tag?post=496"}],"curies":[{"name":"wp","href":"https:\/\/api.w.org\/{rel}","templated":true}]}}