{"id":498,"date":"2025-04-29T17:54:33","date_gmt":"2025-04-29T23:54:33","guid":{"rendered":"https:\/\/sillerobregon.art\/product\/sirena-y-peces\/"},"modified":"2025-10-17T20:59:17","modified_gmt":"2025-10-18T02:59:17","slug":"sirena-y-peces","status":"publish","type":"product","link":"https:\/\/sillerobregon.art\/fr\/product\/sirena-y-peces\/","title":{"rendered":"&quot;Sir\u00e8ne et poisson&quot;"},"content":{"rendered":"<p>Dans cette \u0153uvre, l\u2019image d\u2019une sir\u00e8ne stylis\u00e9e appara\u00eet au fond de la mer.<\/p>","protected":false},"excerpt":{"rendered":"<p>Dans cette \u0153uvre, l\u2019image d\u2019une sir\u00e8ne stylis\u00e9e appara\u00eet au fond de la mer.<\/p>","protected":false},"featured_media":501,"comment_status":"open","ping_status":"closed","template":"","meta":[],"product_brand":[],"product_cat":[43],"product_tag":[],"class_list":{"0":"post-498","1":"product","2":"type-product","3":"status-publish","4":"has-post-thumbnail","6":"product_cat-cristal-fusionado","8":"first","9":"instock","10":"taxable","11":"shipping-taxable","12":"purchasable","13":"product-type-simple"},"_links":{"self":[{"href":"https:\/\/sillerobregon.art\/fr\/wp-json\/wp\/v2\/product\/498","targetHints":{"allow":["GET"]}}],"collection":[{"href":"https:\/\/sillerobregon.art\/fr\/wp-json\/wp\/v2\/product"}],"about":[{"href":"https:\/\/sillerobregon.art\/fr\/wp-json\/wp\/v2\/types\/product"}],"replies":[{"embeddable":true,"href":"https:\/\/sillerobregon.art\/fr\/wp-json\/wp\/v2\/comments?post=498"}],"wp:featuredmedia":[{"embeddable":true,"href":"https:\/\/sillerobregon.art\/fr\/wp-json\/wp\/v2\/media\/501"}],"wp:attachment":[{"href":"https:\/\/sillerobregon.art\/fr\/wp-json\/wp\/v2\/media?parent=498"}],"wp:term":[{"taxonomy":"product_brand","embeddable":true,"href":"https:\/\/sillerobregon.art\/fr\/wp-json\/wp\/v2\/product_brand?post=498"},{"taxonomy":"product_cat","embeddable":true,"href":"https:\/\/sillerobregon.art\/fr\/wp-json\/wp\/v2\/product_cat?post=498"},{"taxonomy":"product_tag","embeddable":true,"href":"https:\/\/sillerobregon.art\/fr\/wp-json\/wp\/v2\/product_tag?post=498"}],"curies":[{"name":"wp","href":"https:\/\/api.w.org\/{rel}","templated":true}]}}