{"id":499,"date":"2025-04-29T17:54:33","date_gmt":"2025-04-29T23:54:33","guid":{"rendered":"https:\/\/sillerobregon.art\/product\/y-luego-es-a-partir\/"},"modified":"2025-10-17T20:59:17","modified_gmt":"2025-10-18T02:59:17","slug":"y-luego-es-a-partir","status":"publish","type":"product","link":"https:\/\/sillerobregon.art\/fr\/product\/y-luego-es-a-partir\/","title":{"rendered":"\u00ab Et puis c&#039;est parti \u00bb"},"content":{"rendered":"<p>Une \u0153uvre qui \u00e9voque la forme d\u2019un papillon ail\u00e9, avec une utilisation vibrante de la couleur et un texte po\u00e9tique qui refl\u00e8te le d\u00e9part et le d\u00e9sir constants.<\/p>","protected":false},"excerpt":{"rendered":"<p>Une \u0153uvre qui \u00e9voque la forme d\u2019un papillon ail\u00e9, avec une utilisation vibrante de la couleur et un texte po\u00e9tique qui refl\u00e8te le d\u00e9part et le d\u00e9sir constants.<\/p>","protected":false},"featured_media":502,"comment_status":"open","ping_status":"closed","template":"","meta":[],"product_brand":[],"product_cat":[44],"product_tag":[],"class_list":{"0":"post-499","1":"product","2":"type-product","3":"status-publish","4":"has-post-thumbnail","6":"product_cat-escultura-pintura","8":"first","9":"instock","10":"taxable","11":"shipping-taxable","12":"purchasable","13":"product-type-simple"},"_links":{"self":[{"href":"https:\/\/sillerobregon.art\/fr\/wp-json\/wp\/v2\/product\/499","targetHints":{"allow":["GET"]}}],"collection":[{"href":"https:\/\/sillerobregon.art\/fr\/wp-json\/wp\/v2\/product"}],"about":[{"href":"https:\/\/sillerobregon.art\/fr\/wp-json\/wp\/v2\/types\/product"}],"replies":[{"embeddable":true,"href":"https:\/\/sillerobregon.art\/fr\/wp-json\/wp\/v2\/comments?post=499"}],"wp:featuredmedia":[{"embeddable":true,"href":"https:\/\/sillerobregon.art\/fr\/wp-json\/wp\/v2\/media\/502"}],"wp:attachment":[{"href":"https:\/\/sillerobregon.art\/fr\/wp-json\/wp\/v2\/media?parent=499"}],"wp:term":[{"taxonomy":"product_brand","embeddable":true,"href":"https:\/\/sillerobregon.art\/fr\/wp-json\/wp\/v2\/product_brand?post=499"},{"taxonomy":"product_cat","embeddable":true,"href":"https:\/\/sillerobregon.art\/fr\/wp-json\/wp\/v2\/product_cat?post=499"},{"taxonomy":"product_tag","embeddable":true,"href":"https:\/\/sillerobregon.art\/fr\/wp-json\/wp\/v2\/product_tag?post=499"}],"curies":[{"name":"wp","href":"https:\/\/api.w.org\/{rel}","templated":true}]}}