{"id":941,"date":"2025-08-19T20:14:20","date_gmt":"2025-08-20T02:14:20","guid":{"rendered":"https:\/\/sillerobregon.art\/?post_type=product&#038;p=941"},"modified":"2025-11-17T20:54:20","modified_gmt":"2025-11-18T02:54:20","slug":"explosion-cromatica","status":"publish","type":"product","link":"https:\/\/sillerobregon.art\/fr\/product\/explosion-cromatica\/","title":{"rendered":"\u00abExplosion chromatique\u00bb"},"content":{"rendered":"<p><strong data-start=\"161\" data-end=\"184\">Explosion chromatique<\/strong> qui transmet \u00e9nergie et vitalit\u00e9 \u00e0 travers des formes abstraites et des contrastes dynamiques.<\/p>","protected":false},"excerpt":{"rendered":"<p>Explosi\u00f3n crom\u00e1tica que transmite energ\u00eda y vitalidad a trav\u00e9s de formas abstractas y contrastes din\u00e1micos.<\/p>","protected":false},"featured_media":943,"comment_status":"open","ping_status":"closed","template":"","meta":[],"product_brand":[],"product_cat":[26],"product_tag":[51,52],"class_list":{"0":"post-941","1":"product","2":"type-product","3":"status-publish","4":"has-post-thumbnail","6":"product_cat-arte-acrilico","7":"product_tag-arte-abstracto-contemporaneo","8":"product_tag-obra-original-mauricio-siller-obregon-cuadros-modernos-coloridos-arte-mexicano-contemporaneo-pintura-unica-para-coleccionistas-decoracion-de-interiores-con-arte","10":"first","11":"instock","12":"sale","13":"sold-individually","14":"taxable","15":"shipping-taxable","16":"purchasable","17":"product-type-simple"},"_links":{"self":[{"href":"https:\/\/sillerobregon.art\/fr\/wp-json\/wp\/v2\/product\/941","targetHints":{"allow":["GET"]}}],"collection":[{"href":"https:\/\/sillerobregon.art\/fr\/wp-json\/wp\/v2\/product"}],"about":[{"href":"https:\/\/sillerobregon.art\/fr\/wp-json\/wp\/v2\/types\/product"}],"replies":[{"embeddable":true,"href":"https:\/\/sillerobregon.art\/fr\/wp-json\/wp\/v2\/comments?post=941"}],"wp:featuredmedia":[{"embeddable":true,"href":"https:\/\/sillerobregon.art\/fr\/wp-json\/wp\/v2\/media\/943"}],"wp:attachment":[{"href":"https:\/\/sillerobregon.art\/fr\/wp-json\/wp\/v2\/media?parent=941"}],"wp:term":[{"taxonomy":"product_brand","embeddable":true,"href":"https:\/\/sillerobregon.art\/fr\/wp-json\/wp\/v2\/product_brand?post=941"},{"taxonomy":"product_cat","embeddable":true,"href":"https:\/\/sillerobregon.art\/fr\/wp-json\/wp\/v2\/product_cat?post=941"},{"taxonomy":"product_tag","embeddable":true,"href":"https:\/\/sillerobregon.art\/fr\/wp-json\/wp\/v2\/product_tag?post=941"}],"curies":[{"name":"wp","href":"https:\/\/api.w.org\/{rel}","templated":true}]}}