{"id":944,"date":"2025-08-19T20:20:42","date_gmt":"2025-08-20T02:20:42","guid":{"rendered":"https:\/\/sillerobregon.art\/?post_type=product&#038;p=944"},"modified":"2025-11-17T20:53:59","modified_gmt":"2025-11-18T02:53:59","slug":"danza-de-formas-y-colores","status":"publish","type":"product","link":"https:\/\/sillerobregon.art\/fr\/product\/danza-de-formas-y-colores\/","title":{"rendered":"Danse des formes et des couleurs"},"content":{"rendered":"<p><strong data-start=\"279\" data-end=\"303\">Composition vibrante<\/strong> o\u00f9 des couleurs intenses g\u00e9n\u00e8rent un rythme visuel plein de mouvement.<\/p>","protected":false},"excerpt":{"rendered":"<p>Composici\u00f3n vibrante en la que los colores intensos generan un ritmo visual lleno de movimiento.<\/p>","protected":false},"featured_media":946,"comment_status":"open","ping_status":"closed","template":"","meta":[],"product_brand":[],"product_cat":[26],"product_tag":[51,52],"class_list":{"0":"post-944","1":"product","2":"type-product","3":"status-publish","4":"has-post-thumbnail","6":"product_cat-arte-acrilico","7":"product_tag-arte-abstracto-contemporaneo","8":"product_tag-obra-original-mauricio-siller-obregon-cuadros-modernos-coloridos-arte-mexicano-contemporaneo-pintura-unica-para-coleccionistas-decoracion-de-interiores-con-arte","10":"first","11":"instock","12":"sale","13":"sold-individually","14":"taxable","15":"shipping-taxable","16":"purchasable","17":"product-type-simple"},"_links":{"self":[{"href":"https:\/\/sillerobregon.art\/fr\/wp-json\/wp\/v2\/product\/944","targetHints":{"allow":["GET"]}}],"collection":[{"href":"https:\/\/sillerobregon.art\/fr\/wp-json\/wp\/v2\/product"}],"about":[{"href":"https:\/\/sillerobregon.art\/fr\/wp-json\/wp\/v2\/types\/product"}],"replies":[{"embeddable":true,"href":"https:\/\/sillerobregon.art\/fr\/wp-json\/wp\/v2\/comments?post=944"}],"wp:featuredmedia":[{"embeddable":true,"href":"https:\/\/sillerobregon.art\/fr\/wp-json\/wp\/v2\/media\/946"}],"wp:attachment":[{"href":"https:\/\/sillerobregon.art\/fr\/wp-json\/wp\/v2\/media?parent=944"}],"wp:term":[{"taxonomy":"product_brand","embeddable":true,"href":"https:\/\/sillerobregon.art\/fr\/wp-json\/wp\/v2\/product_brand?post=944"},{"taxonomy":"product_cat","embeddable":true,"href":"https:\/\/sillerobregon.art\/fr\/wp-json\/wp\/v2\/product_cat?post=944"},{"taxonomy":"product_tag","embeddable":true,"href":"https:\/\/sillerobregon.art\/fr\/wp-json\/wp\/v2\/product_tag?post=944"}],"curies":[{"name":"wp","href":"https:\/\/api.w.org\/{rel}","templated":true}]}}