{"id":989,"date":"2025-09-15T18:05:27","date_gmt":"2025-09-16T00:05:27","guid":{"rendered":"https:\/\/sillerobregon.art\/?post_type=product&#038;p=989"},"modified":"2025-11-17T20:52:23","modified_gmt":"2025-11-18T02:52:23","slug":"baile-estelar-oleo-tela-28x35-cm","status":"publish","type":"product","link":"https:\/\/sillerobregon.art\/fr\/product\/baile-estelar-oleo-tela-28x35-cm\/","title":{"rendered":"\u00ab Danse stellaire \u00bb \u2013 Huile\/Toile 28\u00d735 cm."},"content":{"rendered":"<p>\u00ab Danse Stellaire \u00bb est une peinture \u00e0 l&#039;huile qui fusionne des visages oniriques et des formes cosmiques en un univers vibrant. Par ses coups de pinceau na\u00effs et ses couleurs intenses, elle \u00e9voque un monde fantastique o\u00f9 l&#039;humain et le c\u00e9leste s&#039;entrelacent dans une danse pleine d&#039;\u00e9nergie et de symbolisme.<\/p>","protected":false},"excerpt":{"rendered":"<p>\u00ab Danse Stellaire \u00bb est une peinture \u00e0 l&#039;huile qui fusionne des visages oniriques et des formes cosmiques en un univers vibrant. Par ses coups de pinceau na\u00effs et ses couleurs intenses, elle \u00e9voque un monde fantastique o\u00f9 l&#039;humain et le c\u00e9leste s&#039;entrelacent dans une danse pleine d&#039;\u00e9nergie et de symbolisme.<\/p>","protected":false},"featured_media":990,"comment_status":"open","ping_status":"closed","template":"","meta":[],"product_brand":[],"product_cat":[36],"product_tag":[],"class_list":{"0":"post-989","1":"product","2":"type-product","3":"status-publish","4":"has-post-thumbnail","6":"product_cat-naif-fantastico","8":"first","9":"instock","10":"sale","11":"sold-individually","12":"taxable","13":"shipping-taxable","14":"purchasable","15":"product-type-simple"},"_links":{"self":[{"href":"https:\/\/sillerobregon.art\/fr\/wp-json\/wp\/v2\/product\/989","targetHints":{"allow":["GET"]}}],"collection":[{"href":"https:\/\/sillerobregon.art\/fr\/wp-json\/wp\/v2\/product"}],"about":[{"href":"https:\/\/sillerobregon.art\/fr\/wp-json\/wp\/v2\/types\/product"}],"replies":[{"embeddable":true,"href":"https:\/\/sillerobregon.art\/fr\/wp-json\/wp\/v2\/comments?post=989"}],"wp:featuredmedia":[{"embeddable":true,"href":"https:\/\/sillerobregon.art\/fr\/wp-json\/wp\/v2\/media\/990"}],"wp:attachment":[{"href":"https:\/\/sillerobregon.art\/fr\/wp-json\/wp\/v2\/media?parent=989"}],"wp:term":[{"taxonomy":"product_brand","embeddable":true,"href":"https:\/\/sillerobregon.art\/fr\/wp-json\/wp\/v2\/product_brand?post=989"},{"taxonomy":"product_cat","embeddable":true,"href":"https:\/\/sillerobregon.art\/fr\/wp-json\/wp\/v2\/product_cat?post=989"},{"taxonomy":"product_tag","embeddable":true,"href":"https:\/\/sillerobregon.art\/fr\/wp-json\/wp\/v2\/product_tag?post=989"}],"curies":[{"name":"wp","href":"https:\/\/api.w.org\/{rel}","templated":true}]}}